{"id":1718,"date":"2023-05-29T11:05:48","date_gmt":"2023-05-29T11:05:48","guid":{"rendered":"https:\/\/purefantasysky.com\/?page_id=1718"},"modified":"2023-05-29T11:05:51","modified_gmt":"2023-05-29T11:05:51","slug":"shipping-policy","status":"publish","type":"page","link":"https:\/\/purefantasysky.com\/da\/shipping-policy\/","title":{"rendered":"Forsendelsespolitik"},"content":{"rendered":"<h1 class=\"wp-block-heading\" id=\"h-shipping-policy\">Forsendelsespolitik<\/h1><p>Vi ved, hvor begejstrede vores kunder er for at modtage deres nye produkter, s\u00e5 alle ordrer pakkes og afsendes inden for 2 hverdage. Estimeret leveringstid og transport\u00f8r varierer efter destination.<\/p><h2 class=\"wp-block-heading\" id=\"h-shipping-time\">Forsendelsestid<\/h2><p>K\u00f8bere er ansvarlige for lokale afgifter, skatter og forskudsgebyrer ved levering i lande, hvor det er relevant<\/p><p>Vi er ikke ansvarlige for tabte, stj\u00e5lne, manipulerede eller transportforsinkede pakker.<\/p><h4 class=\"wp-block-heading\" id=\"h-north-america\"><strong><strong>Nordamerika<\/strong><\/strong><\/h4><p>Ca 7-15 arbejdsdage.<br>Vi accepterer ordrer til enhver tid - 24 timer i d\u00f8gnet, 7 dage om ugen. Ordrer afgivet p\u00e5 cocodolls.com vil blive behandlet og afsendt inden for 2 hverdage. Ordrer afgivet efter kl. 13.00 EST vil blive behandlet den f\u00f8lgende hverdag. Alle ordrer afgivet l\u00f8rdag og s\u00f8ndag vil blive behandlet den f\u00f8lgende hverdag<\/p><h4 class=\"wp-block-heading\" id=\"h-europe-uk\"><strong>Europa og Storbritannien<\/strong><\/h4><p>Ca 10-20 arbejdsdage.<\/p><h4 class=\"wp-block-heading\" id=\"h-asia-pacific\"><strong><strong>Asien og Stillehavet<\/strong><\/strong><\/h4><p>Ca 7-15 arbejdsdage.<\/p><h4 class=\"wp-block-heading\" id=\"h-latin-america\"><strong><strong>latin Amerika<\/strong><\/strong><\/h4><p>Ca 10-20 arbejdsdage.<\/p><p>Ikke alle muligheder er tilg\u00e6ngelige for alle lande. Omkostninger og gratis forsendelse varierer fra land til land, tjek venligst ind i kurven! K\u00f8bere er ansvarlige for lokale afgifter, skatter og forskudsgebyrer ved levering i lande, hvor det er relevant.<\/p><h2 class=\"wp-block-heading\">Ferieforsendelse<\/h2><p>Vi vil gerne fort\u00e6lle dig, at det kan tage os lidt l\u00e6ngere tid end normalt at sende din ordre og behandle returneringer.<\/p><h2>Kontakt os<\/h2>\n<p><!-- \/wp:post-content --><\/p>\n<p><!-- wp:paragraph --><\/p>\n<p>Hvis du har sp\u00f8rgsm\u00e5l om disse vilk\u00e5r, bedes du venligst&nbsp;<a href=\"https:\/\/h-crystal.com\/contact\">kontakt os<\/a>.<\/p>\n<p><\/p>\n<p><!-- \/wp:paragraph --><\/p>","protected":false},"excerpt":{"rendered":"<p>Forsendelsespolitik Vi ved, hvor glade vores kunder er for at modtage deres nye produkter, s\u00e5 alle ordrer pakkes og afsendes inden for 2 hverdage. Estimeret leveringstid og transport\u00f8r varierer efter destination. Leveringstid K\u00f8bere er ansvarlige for lokale afgifter, skatter og forskudsgebyrer ved levering i lande, hvor det er relevant. Vi er ikke ansvarlige...<\/p>","protected":false},"author":1,"featured_media":0,"parent":0,"menu_order":0,"comment_status":"closed","ping_status":"closed","template":"","meta":{"_kad_blocks_custom_css":"","_kad_blocks_head_custom_js":"","_kad_blocks_body_custom_js":"","_kad_blocks_footer_custom_js":"","_kad_post_transparent":"","_kad_post_title":"","_kad_post_layout":"","_kad_post_sidebar_id":"","_kad_post_content_style":"","_kad_post_vertical_padding":"","_kad_post_feature":"","_kad_post_feature_position":"","_kad_post_header":false,"_kad_post_footer":false,"footnotes":""},"class_list":["post-1718","page","type-page","status-publish","hentry"],"yoast_head":"<!-- This site is optimized with the Yoast SEO Premium plugin v20.5 (Yoast SEO v22.7) - https:\/\/yoast.com\/wordpress\/plugins\/seo\/ -->\n<title>Shipping Policy - Pure Fantasy<\/title>\n<meta name=\"robots\" content=\"index, follow, max-snippet:-1, max-image-preview:large, max-video-preview:-1\" \/>\n<link rel=\"canonical\" href=\"https:\/\/purefantasysky.com\/da\/shipping-policy\/\" \/>\n<meta property=\"og:locale\" content=\"da_DK\" \/>\n<meta property=\"og:type\" content=\"article\" \/>\n<meta property=\"og:title\" content=\"Shipping Policy\" \/>\n<meta property=\"og:description\" content=\"Shipping Policy We know how excited our customers are to receive their new products, so all orders are packaged and shipped within 2 business day. Estimated delivery time and carrier varies by destination. Shipping Time Buyers are responsible for local duties, taxes and advancement fees at delivery in countries where applicable We are not responsible...\" \/>\n<meta property=\"og:url\" content=\"https:\/\/purefantasysky.com\/da\/shipping-policy\/\" \/>\n<meta property=\"og:site_name\" content=\"Pure Fantasy\" \/>\n<meta property=\"article:modified_time\" content=\"2023-05-29T11:05:51+00:00\" \/>\n<meta name=\"twitter:card\" content=\"summary_large_image\" \/>\n<meta name=\"twitter:label1\" content=\"Estimeret l\u00e6setid\" \/>\n\t<meta name=\"twitter:data1\" content=\"1 minut\" \/>\n<script type=\"application\/ld+json\" class=\"yoast-schema-graph\">{\"@context\":\"https:\/\/schema.org\",\"@graph\":[{\"@type\":\"WebPage\",\"@id\":\"https:\/\/purefantasysky.com\/shipping-policy\/\",\"url\":\"https:\/\/purefantasysky.com\/shipping-policy\/\",\"name\":\"Shipping Policy - Pure Fantasy\",\"isPartOf\":{\"@id\":\"https:\/\/purefantasysky.com\/#website\"},\"datePublished\":\"2023-05-29T11:05:48+00:00\",\"dateModified\":\"2023-05-29T11:05:51+00:00\",\"breadcrumb\":{\"@id\":\"https:\/\/purefantasysky.com\/shipping-policy\/#breadcrumb\"},\"inLanguage\":\"da-DK\",\"potentialAction\":[{\"@type\":\"ReadAction\",\"target\":[\"https:\/\/purefantasysky.com\/shipping-policy\/\"]}]},{\"@type\":\"BreadcrumbList\",\"@id\":\"https:\/\/purefantasysky.com\/shipping-policy\/#breadcrumb\",\"itemListElement\":[{\"@type\":\"ListItem\",\"position\":1,\"name\":\"Home\",\"item\":\"https:\/\/purefantasysky.com\/\"},{\"@type\":\"ListItem\",\"position\":2,\"name\":\"Shipping Policy\"}]},{\"@type\":\"WebSite\",\"@id\":\"https:\/\/purefantasysky.com\/#website\",\"url\":\"https:\/\/purefantasysky.com\/\",\"name\":\"Pure Fantasy\",\"description\":\"Pure Fantasy\",\"publisher\":{\"@id\":\"https:\/\/purefantasysky.com\/#organization\"},\"potentialAction\":[{\"@type\":\"SearchAction\",\"target\":{\"@type\":\"EntryPoint\",\"urlTemplate\":\"https:\/\/purefantasysky.com\/?s={search_term_string}\"},\"query-input\":\"required name=search_term_string\"}],\"inLanguage\":\"da-DK\"},{\"@type\":\"Organization\",\"@id\":\"https:\/\/purefantasysky.com\/#organization\",\"name\":\"Pure Fantasy\",\"url\":\"https:\/\/purefantasysky.com\/\",\"logo\":{\"@type\":\"ImageObject\",\"inLanguage\":\"da-DK\",\"@id\":\"https:\/\/purefantasysky.com\/#\/schema\/logo\/image\/\",\"url\":\"https:\/\/purefantasysky.com\/wp-content\/uploads\/2024\/04\/logo221.png\",\"contentUrl\":\"https:\/\/purefantasysky.com\/wp-content\/uploads\/2024\/04\/logo221.png\",\"width\":624,\"height\":240,\"caption\":\"Pure Fantasy\"},\"image\":{\"@id\":\"https:\/\/purefantasysky.com\/#\/schema\/logo\/image\/\"}}]}<\/script>\n<!-- \/ Yoast SEO Premium plugin. -->","yoast_head_json":{"title":"Shipping Policy - Pure Fantasy","robots":{"index":"index","follow":"follow","max-snippet":"max-snippet:-1","max-image-preview":"max-image-preview:large","max-video-preview":"max-video-preview:-1"},"canonical":"https:\/\/purefantasysky.com\/da\/shipping-policy\/","og_locale":"da_DK","og_type":"article","og_title":"Shipping Policy","og_description":"Shipping Policy We know how excited our customers are to receive their new products, so all orders are packaged and shipped within 2 business day. Estimated delivery time and carrier varies by destination. Shipping Time Buyers are responsible for local duties, taxes and advancement fees at delivery in countries where applicable We are not responsible...","og_url":"https:\/\/purefantasysky.com\/da\/shipping-policy\/","og_site_name":"Pure Fantasy","article_modified_time":"2023-05-29T11:05:51+00:00","twitter_card":"summary_large_image","twitter_misc":{"Estimeret l\u00e6setid":"1 minut"},"schema":{"@context":"https:\/\/schema.org","@graph":[{"@type":"WebPage","@id":"https:\/\/purefantasysky.com\/shipping-policy\/","url":"https:\/\/purefantasysky.com\/shipping-policy\/","name":"Shipping Policy - Pure Fantasy","isPartOf":{"@id":"https:\/\/purefantasysky.com\/#website"},"datePublished":"2023-05-29T11:05:48+00:00","dateModified":"2023-05-29T11:05:51+00:00","breadcrumb":{"@id":"https:\/\/purefantasysky.com\/shipping-policy\/#breadcrumb"},"inLanguage":"da-DK","potentialAction":[{"@type":"ReadAction","target":["https:\/\/purefantasysky.com\/shipping-policy\/"]}]},{"@type":"BreadcrumbList","@id":"https:\/\/purefantasysky.com\/shipping-policy\/#breadcrumb","itemListElement":[{"@type":"ListItem","position":1,"name":"Home","item":"https:\/\/purefantasysky.com\/"},{"@type":"ListItem","position":2,"name":"Shipping Policy"}]},{"@type":"WebSite","@id":"https:\/\/purefantasysky.com\/#website","url":"https:\/\/purefantasysky.com\/","name":"Pure Fantasy","description":"Pure Fantasy","publisher":{"@id":"https:\/\/purefantasysky.com\/#organization"},"potentialAction":[{"@type":"SearchAction","target":{"@type":"EntryPoint","urlTemplate":"https:\/\/purefantasysky.com\/?s={search_term_string}"},"query-input":"required name=search_term_string"}],"inLanguage":"da-DK"},{"@type":"Organization","@id":"https:\/\/purefantasysky.com\/#organization","name":"Pure Fantasy","url":"https:\/\/purefantasysky.com\/","logo":{"@type":"ImageObject","inLanguage":"da-DK","@id":"https:\/\/purefantasysky.com\/#\/schema\/logo\/image\/","url":"https:\/\/purefantasysky.com\/wp-content\/uploads\/2024\/04\/logo221.png","contentUrl":"https:\/\/purefantasysky.com\/wp-content\/uploads\/2024\/04\/logo221.png","width":624,"height":240,"caption":"Pure Fantasy"},"image":{"@id":"https:\/\/purefantasysky.com\/#\/schema\/logo\/image\/"}}]}},"featured_image_src_large":false,"author_info":{"display_name":"admin","author_link":"https:\/\/purefantasysky.com\/da\/author\/admin\/"},"comment_info":0,"taxonomy_info":[],"_links":{"self":[{"href":"https:\/\/purefantasysky.com\/da\/wp-json\/wp\/v2\/pages\/1718","targetHints":{"allow":["GET"]}}],"collection":[{"href":"https:\/\/purefantasysky.com\/da\/wp-json\/wp\/v2\/pages"}],"about":[{"href":"https:\/\/purefantasysky.com\/da\/wp-json\/wp\/v2\/types\/page"}],"author":[{"embeddable":true,"href":"https:\/\/purefantasysky.com\/da\/wp-json\/wp\/v2\/users\/1"}],"replies":[{"embeddable":true,"href":"https:\/\/purefantasysky.com\/da\/wp-json\/wp\/v2\/comments?post=1718"}],"version-history":[{"count":1,"href":"https:\/\/purefantasysky.com\/da\/wp-json\/wp\/v2\/pages\/1718\/revisions"}],"predecessor-version":[{"id":1725,"href":"https:\/\/purefantasysky.com\/da\/wp-json\/wp\/v2\/pages\/1718\/revisions\/1725"}],"wp:attachment":[{"href":"https:\/\/purefantasysky.com\/da\/wp-json\/wp\/v2\/media?parent=1718"}],"curies":[{"name":"wp","href":"https:\/\/api.w.org\/{rel}","templated":true}]}}