{"id":1719,"date":"2023-05-29T11:07:19","date_gmt":"2023-05-29T11:07:19","guid":{"rendered":"https:\/\/purefantasysky.com\/?page_id=1719"},"modified":"2023-05-29T11:07:21","modified_gmt":"2023-05-29T11:07:21","slug":"terms-of-service","status":"publish","type":"page","link":"https:\/\/purefantasysky.com\/da\/terms-of-service\/","title":{"rendered":"Servicevilk\u00e5r"},"content":{"rendered":"<h1 class=\"wp-block-heading\" id=\"h-terms-of-service\">Servicevilk\u00e5r<\/h1><p>L\u00e6s venligst disse vilk\u00e5r for brug (&quot;Betingelser&quot;, &quot;Betingelser for brug&quot;) omhyggeligt, f\u00f8r du bruger https:\/\/Cocodolls.com-webstedet (&quot;tjenesten&quot;), der drives af Cocodolls (&quot;os&quot;, &quot;vi&quot; eller &quot;vores&quot; \u201d).<\/p><p>Din adgang til og brug af Tjenesten er betinget af din accept af og overholdelse af disse Vilk\u00e5r. Disse vilk\u00e5r g\u00e6lder for alle bes\u00f8gende, brugere og andre, der tilg\u00e5r eller bruger tjenesten.<\/p><p>Ved at tilg\u00e5 eller bruge tjenesten accepterer du at v\u00e6re bundet af disse vilk\u00e5r. Hvis du er uenig i nogen del af vilk\u00e5rene, kan du ikke f\u00e5 adgang til tjenesten.<\/p><h2 class=\"wp-block-heading\" id=\"h-accounts\">Regnskaber<\/h2><p>N\u00e5r du opretter en konto hos os, skal du til enhver tid give os oplysninger, der er n\u00f8jagtige, fuldst\u00e6ndige og aktuelle. Undladelse af at g\u00f8re dette udg\u00f8r et brud p\u00e5 vilk\u00e5rene, hvilket kan resultere i \u00f8jeblikkelig lukning af din konto p\u00e5 vores tjeneste.<\/p><p>Du er ansvarlig for at beskytte den adgangskode, som du bruger til at f\u00e5 adgang til tjenesten og for alle aktiviteter eller handlinger under din adgangskode, uanset om din adgangskode er med vores tjeneste eller en tredjepartstjeneste.<\/p><p>Du accepterer ikke at videregive din adgangskode til nogen tredjepart. Du skal straks underrette os, n\u00e5r du bliver opm\u00e6rksom p\u00e5 ethvert brud p\u00e5 sikkerheden eller uautoriseret brug af din konto.<\/p><h2 class=\"wp-block-heading\" id=\"h-intellectual-property\">Intellektuel ejendom<\/h2><p>Tjenesten og dens originale indhold, funktioner og funktionalitet er og forbliver Cocodolls og dets licensgiveres eksklusive ejendom.<\/p><h2 class=\"wp-block-heading\" id=\"h-links-to-other-web-sites\">Links til andre websteder<\/h2><p>Vores tjeneste kan indeholde links til tredjeparts websteder eller tjenester, der ikke ejes eller kontrolleres af Cocodolls.<\/p><p>Cocodolls har ingen kontrol over og p\u00e5tager sig intet ansvar for indholdet, privatlivspolitikkerne eller praksisserne p\u00e5 tredjepartswebsteder eller -tjenester. Du anerkender og accepterer endvidere, at Cocodolls ikke er ansvarlige eller ansvarlige, direkte eller indirekte, for nogen skade eller tab for\u00e5rsaget af eller p\u00e5st\u00e5et at v\u00e6re for\u00e5rsaget af eller i forbindelse med brug af eller tillid til s\u00e5dant indhold, varer eller tjenester, der er tilg\u00e6ngelige p\u00e5 eller gennem s\u00e5danne websteder eller tjenester.<\/p><p>Vi anbefaler dig p\u00e5 det kraftigste at l\u00e6se vilk\u00e5rene og betingelserne og privatlivspolitikkerne for eventuelle tredjepartswebsteder eller -tjenester, som du bes\u00f8ger.<\/p><h2 class=\"wp-block-heading\" id=\"h-termination\">Afslutning<\/h2><p>Vi kan afslutte eller suspendere din konto med det samme, uden forudg\u00e5ende varsel eller ansvar, uanset \u00e5rsag, herunder uden begr\u00e6nsning, hvis du overtr\u00e6der vilk\u00e5rene.<\/p><p>Ved opsigelse oph\u00f8rer din ret til at bruge Tjenesten \u00f8jeblikkeligt. Hvis du \u00f8nsker at lukke din konto, kan du blot stoppe med at bruge tjenesten.<\/p><p>Alle bestemmelser i vilk\u00e5rene, som i sagens natur b\u00f8r overleve opsigelsen, skal overleve opsigelsen, herunder, uden begr\u00e6nsning, ejerskabsbestemmelser, garantifraskrivelser, skadesl\u00f8sholdelse og ansvarsbegr\u00e6nsninger.<\/p><h2 class=\"wp-block-heading\" id=\"h-disclaimer\">Ansvarsfraskrivelse<\/h2><p>Din brug af tjenesten er p\u00e5 egen risiko. Tjenesten leveres p\u00e5 &quot;SOM DEN ER&quot; og &quot;SOM TILG\u00c6NGELIG&quot;. Tjenesten leveres uden garantier af nogen art, hvad enten det er udtrykkeligt eller underforst\u00e5et, herunder, men ikke begr\u00e6nset til, underforst\u00e5ede garantier for salgbarhed, egnethed til et bestemt form\u00e5l, ikke-kr\u00e6nkelse eller ydeevne.<\/p><h2 class=\"wp-block-heading\" id=\"h-governing-law\">Lovvalg<\/h2><p>Disse vilk\u00e5r skal styres og fortolkes i overensstemmelse med lovene i Kina uden hensyntagen til dets lovkonflikter.<\/p><p>Vores manglende h\u00e5ndh\u00e6velse af nogen rettighed eller bestemmelse i disse vilk\u00e5r vil ikke blive betragtet som et afkald p\u00e5 disse rettigheder. Hvis en bestemmelse i disse vilk\u00e5r anses for at v\u00e6re ugyldig eller ikke kan h\u00e5ndh\u00e6ves af en domstol, vil de resterende bestemmelser i disse vilk\u00e5r forblive i kraft. Disse vilk\u00e5r udg\u00f8r hele aftalen mellem os vedr\u00f8rende vores tjeneste, og erstatter og erstatter alle tidligere aftaler, vi m\u00e5tte have mellem os vedr\u00f8rende tjenesten.<\/p><h2 class=\"wp-block-heading\" id=\"h-changes\">\u00c6ndringer<\/h2><p>Vi forbeholder os retten til efter eget sk\u00f8n til enhver tid at \u00e6ndre eller erstatte disse vilk\u00e5r. Hvis en revision er v\u00e6sentlig, vil vi fors\u00f8ge at give mindst 30 dages varsel, f\u00f8r eventuelle nye vilk\u00e5r tr\u00e6der i kraft. Hvad der udg\u00f8r en v\u00e6sentlig \u00e6ndring afg\u00f8res efter vores eget sk\u00f8n.<\/p><p>Ved at forts\u00e6tte med at f\u00e5 adgang til eller bruge vores Tjeneste, efter at disse revisioner tr\u00e6der i kraft, accepterer du at v\u00e6re bundet af de reviderede vilk\u00e5r. Hvis du ikke accepterer de nye vilk\u00e5r, bedes du stoppe med at bruge tjenesten.<\/p><h2 class=\"wp-block-heading\" id=\"h-contact-us\">Kontakt os<\/h2><p>Hvis du har sp\u00f8rgsm\u00e5l om disse vilk\u00e5r, bedes du venligst&nbsp;<a href=\"https:\/\/h-crystal.com\/contact\">kontakt os<\/a>.<\/p><p><\/p>","protected":false},"excerpt":{"rendered":"<p>Servicevilk\u00e5r L\u00e6s venligst disse brugsbetingelser (&quot;Betingelser&quot;, &quot;Betingelser for brug&quot;) omhyggeligt, f\u00f8r du bruger https:\/\/Cocodolls.com-webstedet (&quot;tjenesten&quot;), der drives af Cocodolls (&quot;os&quot;, &quot;vi&quot; eller &quot;vores&quot;). Din adgang til og brug af Tjenesten er betinget af din accept af og overholdelse af disse Vilk\u00e5r. Disse vilk\u00e5r g\u00e6lder for alle bes\u00f8gende, brugere og...<\/p>","protected":false},"author":1,"featured_media":0,"parent":0,"menu_order":0,"comment_status":"closed","ping_status":"closed","template":"","meta":{"_kad_blocks_custom_css":"","_kad_blocks_head_custom_js":"","_kad_blocks_body_custom_js":"","_kad_blocks_footer_custom_js":"","_kad_post_transparent":"","_kad_post_title":"","_kad_post_layout":"","_kad_post_sidebar_id":"","_kad_post_content_style":"","_kad_post_vertical_padding":"","_kad_post_feature":"","_kad_post_feature_position":"","_kad_post_header":false,"_kad_post_footer":false,"footnotes":""},"class_list":["post-1719","page","type-page","status-publish","hentry"],"yoast_head":"<!-- This site is optimized with the Yoast SEO Premium plugin v20.5 (Yoast SEO v22.7) - https:\/\/yoast.com\/wordpress\/plugins\/seo\/ -->\n<title>Terms of Service - Pure Fantasy<\/title>\n<meta name=\"robots\" content=\"index, follow, max-snippet:-1, max-image-preview:large, max-video-preview:-1\" \/>\n<link rel=\"canonical\" href=\"https:\/\/purefantasysky.com\/da\/terms-of-service\/\" \/>\n<meta property=\"og:locale\" content=\"da_DK\" \/>\n<meta property=\"og:type\" content=\"article\" \/>\n<meta property=\"og:title\" content=\"Terms of Service\" \/>\n<meta property=\"og:description\" content=\"Terms of Service Please read these Terms of Use (\u201cTerms\u201d, \u201cTerms of Use\u201d) carefully before using the https:\/\/Cocodolls.com website (the \u201cService\u201d) operated by Cocodolls (\u201cus\u201d, \u201cwe\u201d, or \u201cour\u201d). Your access to and use of the Service is conditioned on your acceptance of and compliance with these Terms. These Terms apply to all visitors, users and...\" \/>\n<meta property=\"og:url\" content=\"https:\/\/purefantasysky.com\/da\/terms-of-service\/\" \/>\n<meta property=\"og:site_name\" content=\"Pure Fantasy\" \/>\n<meta property=\"article:modified_time\" content=\"2023-05-29T11:07:21+00:00\" \/>\n<meta name=\"twitter:card\" content=\"summary_large_image\" \/>\n<meta name=\"twitter:label1\" content=\"Estimeret l\u00e6setid\" \/>\n\t<meta name=\"twitter:data1\" content=\"3 minutter\" \/>\n<script type=\"application\/ld+json\" class=\"yoast-schema-graph\">{\"@context\":\"https:\/\/schema.org\",\"@graph\":[{\"@type\":\"WebPage\",\"@id\":\"https:\/\/purefantasysky.com\/terms-of-service\/\",\"url\":\"https:\/\/purefantasysky.com\/terms-of-service\/\",\"name\":\"Terms of Service - Pure Fantasy\",\"isPartOf\":{\"@id\":\"https:\/\/purefantasysky.com\/#website\"},\"datePublished\":\"2023-05-29T11:07:19+00:00\",\"dateModified\":\"2023-05-29T11:07:21+00:00\",\"breadcrumb\":{\"@id\":\"https:\/\/purefantasysky.com\/terms-of-service\/#breadcrumb\"},\"inLanguage\":\"da-DK\",\"potentialAction\":[{\"@type\":\"ReadAction\",\"target\":[\"https:\/\/purefantasysky.com\/terms-of-service\/\"]}]},{\"@type\":\"BreadcrumbList\",\"@id\":\"https:\/\/purefantasysky.com\/terms-of-service\/#breadcrumb\",\"itemListElement\":[{\"@type\":\"ListItem\",\"position\":1,\"name\":\"Home\",\"item\":\"https:\/\/purefantasysky.com\/\"},{\"@type\":\"ListItem\",\"position\":2,\"name\":\"Terms of Service\"}]},{\"@type\":\"WebSite\",\"@id\":\"https:\/\/purefantasysky.com\/#website\",\"url\":\"https:\/\/purefantasysky.com\/\",\"name\":\"Pure Fantasy\",\"description\":\"Pure Fantasy\",\"publisher\":{\"@id\":\"https:\/\/purefantasysky.com\/#organization\"},\"potentialAction\":[{\"@type\":\"SearchAction\",\"target\":{\"@type\":\"EntryPoint\",\"urlTemplate\":\"https:\/\/purefantasysky.com\/?s={search_term_string}\"},\"query-input\":\"required name=search_term_string\"}],\"inLanguage\":\"da-DK\"},{\"@type\":\"Organization\",\"@id\":\"https:\/\/purefantasysky.com\/#organization\",\"name\":\"Pure Fantasy\",\"url\":\"https:\/\/purefantasysky.com\/\",\"logo\":{\"@type\":\"ImageObject\",\"inLanguage\":\"da-DK\",\"@id\":\"https:\/\/purefantasysky.com\/#\/schema\/logo\/image\/\",\"url\":\"https:\/\/purefantasysky.com\/wp-content\/uploads\/2024\/04\/logo221.png\",\"contentUrl\":\"https:\/\/purefantasysky.com\/wp-content\/uploads\/2024\/04\/logo221.png\",\"width\":624,\"height\":240,\"caption\":\"Pure Fantasy\"},\"image\":{\"@id\":\"https:\/\/purefantasysky.com\/#\/schema\/logo\/image\/\"}}]}<\/script>\n<!-- \/ Yoast SEO Premium plugin. -->","yoast_head_json":{"title":"Terms of Service - Pure Fantasy","robots":{"index":"index","follow":"follow","max-snippet":"max-snippet:-1","max-image-preview":"max-image-preview:large","max-video-preview":"max-video-preview:-1"},"canonical":"https:\/\/purefantasysky.com\/da\/terms-of-service\/","og_locale":"da_DK","og_type":"article","og_title":"Terms of Service","og_description":"Terms of Service Please read these Terms of Use (\u201cTerms\u201d, \u201cTerms of Use\u201d) carefully before using the https:\/\/Cocodolls.com website (the \u201cService\u201d) operated by Cocodolls (\u201cus\u201d, \u201cwe\u201d, or \u201cour\u201d). Your access to and use of the Service is conditioned on your acceptance of and compliance with these Terms. These Terms apply to all visitors, users and...","og_url":"https:\/\/purefantasysky.com\/da\/terms-of-service\/","og_site_name":"Pure Fantasy","article_modified_time":"2023-05-29T11:07:21+00:00","twitter_card":"summary_large_image","twitter_misc":{"Estimeret l\u00e6setid":"3 minutter"},"schema":{"@context":"https:\/\/schema.org","@graph":[{"@type":"WebPage","@id":"https:\/\/purefantasysky.com\/terms-of-service\/","url":"https:\/\/purefantasysky.com\/terms-of-service\/","name":"Terms of Service - Pure Fantasy","isPartOf":{"@id":"https:\/\/purefantasysky.com\/#website"},"datePublished":"2023-05-29T11:07:19+00:00","dateModified":"2023-05-29T11:07:21+00:00","breadcrumb":{"@id":"https:\/\/purefantasysky.com\/terms-of-service\/#breadcrumb"},"inLanguage":"da-DK","potentialAction":[{"@type":"ReadAction","target":["https:\/\/purefantasysky.com\/terms-of-service\/"]}]},{"@type":"BreadcrumbList","@id":"https:\/\/purefantasysky.com\/terms-of-service\/#breadcrumb","itemListElement":[{"@type":"ListItem","position":1,"name":"Home","item":"https:\/\/purefantasysky.com\/"},{"@type":"ListItem","position":2,"name":"Terms of Service"}]},{"@type":"WebSite","@id":"https:\/\/purefantasysky.com\/#website","url":"https:\/\/purefantasysky.com\/","name":"Pure Fantasy","description":"Pure Fantasy","publisher":{"@id":"https:\/\/purefantasysky.com\/#organization"},"potentialAction":[{"@type":"SearchAction","target":{"@type":"EntryPoint","urlTemplate":"https:\/\/purefantasysky.com\/?s={search_term_string}"},"query-input":"required name=search_term_string"}],"inLanguage":"da-DK"},{"@type":"Organization","@id":"https:\/\/purefantasysky.com\/#organization","name":"Pure Fantasy","url":"https:\/\/purefantasysky.com\/","logo":{"@type":"ImageObject","inLanguage":"da-DK","@id":"https:\/\/purefantasysky.com\/#\/schema\/logo\/image\/","url":"https:\/\/purefantasysky.com\/wp-content\/uploads\/2024\/04\/logo221.png","contentUrl":"https:\/\/purefantasysky.com\/wp-content\/uploads\/2024\/04\/logo221.png","width":624,"height":240,"caption":"Pure Fantasy"},"image":{"@id":"https:\/\/purefantasysky.com\/#\/schema\/logo\/image\/"}}]}},"featured_image_src_large":false,"author_info":{"display_name":"admin","author_link":"https:\/\/purefantasysky.com\/da\/author\/admin\/"},"comment_info":0,"taxonomy_info":[],"_links":{"self":[{"href":"https:\/\/purefantasysky.com\/da\/wp-json\/wp\/v2\/pages\/1719","targetHints":{"allow":["GET"]}}],"collection":[{"href":"https:\/\/purefantasysky.com\/da\/wp-json\/wp\/v2\/pages"}],"about":[{"href":"https:\/\/purefantasysky.com\/da\/wp-json\/wp\/v2\/types\/page"}],"author":[{"embeddable":true,"href":"https:\/\/purefantasysky.com\/da\/wp-json\/wp\/v2\/users\/1"}],"replies":[{"embeddable":true,"href":"https:\/\/purefantasysky.com\/da\/wp-json\/wp\/v2\/comments?post=1719"}],"version-history":[{"count":1,"href":"https:\/\/purefantasysky.com\/da\/wp-json\/wp\/v2\/pages\/1719\/revisions"}],"predecessor-version":[{"id":1726,"href":"https:\/\/purefantasysky.com\/da\/wp-json\/wp\/v2\/pages\/1719\/revisions\/1726"}],"wp:attachment":[{"href":"https:\/\/purefantasysky.com\/da\/wp-json\/wp\/v2\/media?parent=1719"}],"curies":[{"name":"wp","href":"https:\/\/api.w.org\/{rel}","templated":true}]}}