{"id":70,"date":"2021-12-13T15:40:47","date_gmt":"2021-12-13T15:40:47","guid":{"rendered":"https:\/\/kadence.pixel-show.com\/wooden-craft\/?post_type=product&#038;p=70"},"modified":"2025-08-10T12:05:29","modified_gmt":"2025-08-10T12:05:29","slug":"acacia-wood-plate","status":"publish","type":"product","link":"https:\/\/purefantasysky.com\/da\/vare\/acacia-wood-plate\/","title":{"rendered":"Tina"},"content":{"rendered":"","protected":false},"excerpt":{"rendered":"<ol>\n<li>Materiale: Silikone + TPE<\/li>\n<li>Farve: K\u00f8dtone med en let hvid nuance<\/li>\n<li>Ber\u00f8ring: Den har elasticitet, hvilket giver en glat og bl\u00f8d ber\u00f8ring med et h\u00f8jt niveau af overfladeglathed.<\/li>\n<li>Ikke-giftig og lugtfri.<\/li>\n<\/ol>","protected":false},"featured_media":2569,"comment_status":"open","ping_status":"closed","template":"","meta":{"_kad_blocks_custom_css":"","_kad_blocks_head_custom_js":"","_kad_blocks_body_custom_js":"","_kad_blocks_footer_custom_js":"","_kad_post_transparent":"default","_kad_post_title":"","_kad_post_layout":"default","_kad_post_sidebar_id":"","_kad_post_content_style":"default","_kad_post_vertical_padding":"default","_kad_post_feature":"","_kad_post_feature_position":"","_kad_post_header":false,"_kad_post_footer":false},"product_brand":[],"product_cat":[81,79,84,68,74,90,64,94,89],"product_tag":[],"class_list":{"0":"post-70","1":"product","2":"type-product","3":"status-publish","4":"has-post-thumbnail","6":"product_cat-anal-butt-plugs","7":"product_cat-anal-sex-toys","8":"product_cat-bondage","9":"product_cat-female-masturbators","10":"product_cat-glassmetallic-dildos","11":"product_cat-lube","12":"product_cat-sex-doll-masturbators","13":"product_cat-sexual-wellness","14":"product_cat-sexy-iingerie","16":"first","17":"instock","18":"sale","19":"shipping-taxable","20":"purchasable","21":"product-type-simple","22":"entry","23":"content-bg","24":"loop-entry"},"yoast_head":"<!-- This site is optimized with the Yoast SEO Premium plugin v20.5 (Yoast SEO v22.7) - https:\/\/yoast.com\/wordpress\/plugins\/seo\/ -->\n<title>Tina - Pure Fantasy<\/title>\n<meta name=\"robots\" content=\"index, follow, max-snippet:-1, max-image-preview:large, max-video-preview:-1\" \/>\n<link rel=\"canonical\" href=\"https:\/\/purefantasysky.com\/da\/vare\/acacia-wood-plate\/\" \/>\n<meta property=\"og:locale\" content=\"da_DK\" \/>\n<meta property=\"og:type\" content=\"article\" \/>\n<meta property=\"og:title\" content=\"Tina\" \/>\n<meta property=\"og:description\" content=\"Material: Silicone + TPE  Color: Flesh tone with a slight white hue  Touch: It has elasticity, providing a smooth and soft touch, with a high level of surface smoothness.  Non-toxic and odorless.\" \/>\n<meta property=\"og:url\" content=\"https:\/\/purefantasysky.com\/da\/vare\/acacia-wood-plate\/\" \/>\n<meta property=\"og:site_name\" content=\"Pure Fantasy\" \/>\n<meta property=\"article:modified_time\" content=\"2025-08-10T12:05:29+00:00\" \/>\n<meta property=\"og:image\" content=\"https:\/\/purefantasysky.com\/wp-content\/uploads\/2024\/04\/Male-Masturbators.jpg\" \/>\n\t<meta property=\"og:image:width\" content=\"960\" \/>\n\t<meta property=\"og:image:height\" content=\"960\" \/>\n\t<meta property=\"og:image:type\" content=\"image\/jpeg\" \/>\n<meta name=\"twitter:card\" content=\"summary_large_image\" \/>\n<script type=\"application\/ld+json\" class=\"yoast-schema-graph\">{\"@context\":\"https:\/\/schema.org\",\"@graph\":[{\"@type\":\"WebPage\",\"@id\":\"https:\/\/purefantasysky.com\/product\/acacia-wood-plate\/\",\"url\":\"https:\/\/purefantasysky.com\/product\/acacia-wood-plate\/\",\"name\":\"Tina - Pure Fantasy\",\"isPartOf\":{\"@id\":\"https:\/\/purefantasysky.com\/#website\"},\"primaryImageOfPage\":{\"@id\":\"https:\/\/purefantasysky.com\/product\/acacia-wood-plate\/#primaryimage\"},\"image\":{\"@id\":\"https:\/\/purefantasysky.com\/product\/acacia-wood-plate\/#primaryimage\"},\"thumbnailUrl\":\"https:\/\/purefantasysky.com\/wp-content\/uploads\/2024\/04\/Male-Masturbators.jpg\",\"datePublished\":\"2021-12-13T15:40:47+00:00\",\"dateModified\":\"2025-08-10T12:05:29+00:00\",\"breadcrumb\":{\"@id\":\"https:\/\/purefantasysky.com\/product\/acacia-wood-plate\/#breadcrumb\"},\"inLanguage\":\"da-DK\",\"potentialAction\":[{\"@type\":\"ReadAction\",\"target\":[\"https:\/\/purefantasysky.com\/product\/acacia-wood-plate\/\"]}]},{\"@type\":\"ImageObject\",\"inLanguage\":\"da-DK\",\"@id\":\"https:\/\/purefantasysky.com\/product\/acacia-wood-plate\/#primaryimage\",\"url\":\"https:\/\/purefantasysky.com\/wp-content\/uploads\/2024\/04\/Male-Masturbators.jpg\",\"contentUrl\":\"https:\/\/purefantasysky.com\/wp-content\/uploads\/2024\/04\/Male-Masturbators.jpg\",\"width\":960,\"height\":960},{\"@type\":\"BreadcrumbList\",\"@id\":\"https:\/\/purefantasysky.com\/product\/acacia-wood-plate\/#breadcrumb\",\"itemListElement\":[{\"@type\":\"ListItem\",\"position\":1,\"name\":\"Home\",\"item\":\"https:\/\/purefantasysky.com\/\"},{\"@type\":\"ListItem\",\"position\":2,\"name\":\"Products\",\"item\":\"https:\/\/purefantasysky.com\/shop\/\"},{\"@type\":\"ListItem\",\"position\":3,\"name\":\"Tina\"}]},{\"@type\":\"WebSite\",\"@id\":\"https:\/\/purefantasysky.com\/#website\",\"url\":\"https:\/\/purefantasysky.com\/\",\"name\":\"Pure Fantasy\",\"description\":\"Pure Fantasy\",\"publisher\":{\"@id\":\"https:\/\/purefantasysky.com\/#organization\"},\"potentialAction\":[{\"@type\":\"SearchAction\",\"target\":{\"@type\":\"EntryPoint\",\"urlTemplate\":\"https:\/\/purefantasysky.com\/?s={search_term_string}\"},\"query-input\":\"required name=search_term_string\"}],\"inLanguage\":\"da-DK\"},{\"@type\":\"Organization\",\"@id\":\"https:\/\/purefantasysky.com\/#organization\",\"name\":\"Pure Fantasy\",\"url\":\"https:\/\/purefantasysky.com\/\",\"logo\":{\"@type\":\"ImageObject\",\"inLanguage\":\"da-DK\",\"@id\":\"https:\/\/purefantasysky.com\/#\/schema\/logo\/image\/\",\"url\":\"https:\/\/purefantasysky.com\/wp-content\/uploads\/2024\/04\/logo221.png\",\"contentUrl\":\"https:\/\/purefantasysky.com\/wp-content\/uploads\/2024\/04\/logo221.png\",\"width\":624,\"height\":240,\"caption\":\"Pure Fantasy\"},\"image\":{\"@id\":\"https:\/\/purefantasysky.com\/#\/schema\/logo\/image\/\"}}]}<\/script>\n<!-- \/ Yoast SEO Premium plugin. -->","yoast_head_json":{"title":"Tina - Pure Fantasy","robots":{"index":"index","follow":"follow","max-snippet":"max-snippet:-1","max-image-preview":"max-image-preview:large","max-video-preview":"max-video-preview:-1"},"canonical":"https:\/\/purefantasysky.com\/da\/vare\/acacia-wood-plate\/","og_locale":"da_DK","og_type":"article","og_title":"Tina","og_description":"Material: Silicone + TPE  Color: Flesh tone with a slight white hue  Touch: It has elasticity, providing a smooth and soft touch, with a high level of surface smoothness.  Non-toxic and odorless.","og_url":"https:\/\/purefantasysky.com\/da\/vare\/acacia-wood-plate\/","og_site_name":"Pure Fantasy","article_modified_time":"2025-08-10T12:05:29+00:00","og_image":[{"width":960,"height":960,"url":"https:\/\/purefantasysky.com\/wp-content\/uploads\/2024\/04\/Male-Masturbators.jpg","type":"image\/jpeg"}],"twitter_card":"summary_large_image","schema":{"@context":"https:\/\/schema.org","@graph":[{"@type":"WebPage","@id":"https:\/\/purefantasysky.com\/product\/acacia-wood-plate\/","url":"https:\/\/purefantasysky.com\/product\/acacia-wood-plate\/","name":"Tina - Pure Fantasy","isPartOf":{"@id":"https:\/\/purefantasysky.com\/#website"},"primaryImageOfPage":{"@id":"https:\/\/purefantasysky.com\/product\/acacia-wood-plate\/#primaryimage"},"image":{"@id":"https:\/\/purefantasysky.com\/product\/acacia-wood-plate\/#primaryimage"},"thumbnailUrl":"https:\/\/purefantasysky.com\/wp-content\/uploads\/2024\/04\/Male-Masturbators.jpg","datePublished":"2021-12-13T15:40:47+00:00","dateModified":"2025-08-10T12:05:29+00:00","breadcrumb":{"@id":"https:\/\/purefantasysky.com\/product\/acacia-wood-plate\/#breadcrumb"},"inLanguage":"da-DK","potentialAction":[{"@type":"ReadAction","target":["https:\/\/purefantasysky.com\/product\/acacia-wood-plate\/"]}]},{"@type":"ImageObject","inLanguage":"da-DK","@id":"https:\/\/purefantasysky.com\/product\/acacia-wood-plate\/#primaryimage","url":"https:\/\/purefantasysky.com\/wp-content\/uploads\/2024\/04\/Male-Masturbators.jpg","contentUrl":"https:\/\/purefantasysky.com\/wp-content\/uploads\/2024\/04\/Male-Masturbators.jpg","width":960,"height":960},{"@type":"BreadcrumbList","@id":"https:\/\/purefantasysky.com\/product\/acacia-wood-plate\/#breadcrumb","itemListElement":[{"@type":"ListItem","position":1,"name":"Home","item":"https:\/\/purefantasysky.com\/"},{"@type":"ListItem","position":2,"name":"Products","item":"https:\/\/purefantasysky.com\/shop\/"},{"@type":"ListItem","position":3,"name":"Tina"}]},{"@type":"WebSite","@id":"https:\/\/purefantasysky.com\/#website","url":"https:\/\/purefantasysky.com\/","name":"Pure Fantasy","description":"Pure Fantasy","publisher":{"@id":"https:\/\/purefantasysky.com\/#organization"},"potentialAction":[{"@type":"SearchAction","target":{"@type":"EntryPoint","urlTemplate":"https:\/\/purefantasysky.com\/?s={search_term_string}"},"query-input":"required name=search_term_string"}],"inLanguage":"da-DK"},{"@type":"Organization","@id":"https:\/\/purefantasysky.com\/#organization","name":"Pure Fantasy","url":"https:\/\/purefantasysky.com\/","logo":{"@type":"ImageObject","inLanguage":"da-DK","@id":"https:\/\/purefantasysky.com\/#\/schema\/logo\/image\/","url":"https:\/\/purefantasysky.com\/wp-content\/uploads\/2024\/04\/logo221.png","contentUrl":"https:\/\/purefantasysky.com\/wp-content\/uploads\/2024\/04\/logo221.png","width":624,"height":240,"caption":"Pure Fantasy"},"image":{"@id":"https:\/\/purefantasysky.com\/#\/schema\/logo\/image\/"}}]}},"featured_image_src_large":["https:\/\/purefantasysky.com\/wp-content\/uploads\/2024\/04\/Male-Masturbators.jpg",960,960,false],"author_info":[],"comment_info":1,"taxonomy_info":{"product_cat":[{"value":81,"label":"Anal Butt Plugs"},{"value":79,"label":"Anal Sex Toys"},{"value":84,"label":"Bondage"},{"value":68,"label":"Female Masturbators"},{"value":74,"label":"Glass\uff06Metallic Dildos"},{"value":90,"label":"Lube"},{"value":64,"label":"Sex Doll Masturbators"},{"value":94,"label":"Sexual Wellness"},{"value":89,"label":"Sexy Iingerie"}]},"_links":{"self":[{"href":"https:\/\/purefantasysky.com\/da\/wp-json\/wp\/v2\/product\/70","targetHints":{"allow":["GET"]}}],"collection":[{"href":"https:\/\/purefantasysky.com\/da\/wp-json\/wp\/v2\/product"}],"about":[{"href":"https:\/\/purefantasysky.com\/da\/wp-json\/wp\/v2\/types\/product"}],"replies":[{"embeddable":true,"href":"https:\/\/purefantasysky.com\/da\/wp-json\/wp\/v2\/comments?post=70"}],"wp:featuredmedia":[{"embeddable":true,"href":"https:\/\/purefantasysky.com\/da\/wp-json\/wp\/v2\/media\/2569"}],"wp:attachment":[{"href":"https:\/\/purefantasysky.com\/da\/wp-json\/wp\/v2\/media?parent=70"}],"wp:term":[{"taxonomy":"product_brand","embeddable":true,"href":"https:\/\/purefantasysky.com\/da\/wp-json\/wp\/v2\/product_brand?post=70"},{"taxonomy":"product_cat","embeddable":true,"href":"https:\/\/purefantasysky.com\/da\/wp-json\/wp\/v2\/product_cat?post=70"},{"taxonomy":"product_tag","embeddable":true,"href":"https:\/\/purefantasysky.com\/da\/wp-json\/wp\/v2\/product_tag?post=70"}],"curies":[{"name":"wp","href":"https:\/\/api.w.org\/{rel}","templated":true}]}}