{"id":1718,"date":"2023-05-29T11:05:48","date_gmt":"2023-05-29T11:05:48","guid":{"rendered":"https:\/\/purefantasysky.com\/?page_id=1718"},"modified":"2023-05-29T11:05:51","modified_gmt":"2023-05-29T11:05:51","slug":"shipping-policy","status":"publish","type":"page","link":"https:\/\/purefantasysky.com\/es\/shipping-policy\/","title":{"rendered":"Politica de envios"},"content":{"rendered":"<h1 class=\"wp-block-heading\" id=\"h-shipping-policy\">Politica de envios<\/h1><p>Sabemos lo emocionados que est\u00e1n nuestros clientes al recibir sus nuevos productos, por lo que todos los pedidos se empaquetan y env\u00edan dentro de los 2 d\u00edas h\u00e1biles. El tiempo estimado de entrega y el transportista var\u00edan seg\u00fan el destino.<\/p><h2 class=\"wp-block-heading\" id=\"h-shipping-time\">Tiempo de env\u00edo<\/h2><p>Los compradores son responsables de los aranceles, impuestos y tarifas por anticipo locales en el momento de la entrega en los pa\u00edses donde corresponda.<\/p><p>No somos responsables de paquetes perdidos, robados, manipulados o retrasados por el transportista.<\/p><h4 class=\"wp-block-heading\" id=\"h-north-america\"><strong><strong>Am\u00e9rica del norte<\/strong><\/strong><\/h4><p>Alrededor de 7-15 d\u00edas laborables.<br>Aceptamos pedidos en cualquier momento: las 24 horas del d\u00eda, los 7 d\u00edas de la semana. Los pedidos realizados en cocodolls.com se procesar\u00e1n y enviar\u00e1n en un plazo de 2 d\u00edas h\u00e1biles. Los pedidos realizados despu\u00e9s de la 1:00 p. m. EST se procesar\u00e1n el siguiente d\u00eda h\u00e1bil. Todos los pedidos realizados los s\u00e1bados y domingos se procesar\u00e1n el siguiente d\u00eda h\u00e1bil.<\/p><h4 class=\"wp-block-heading\" id=\"h-europe-uk\"><strong>Europa y Reino Unido<\/strong><\/h4><p>Alrededor de 10-20 d\u00edas laborables.<\/p><h4 class=\"wp-block-heading\" id=\"h-asia-pacific\"><strong><strong>Asia Pac\u00edfico<\/strong><\/strong><\/h4><p>Alrededor de 7-15 d\u00edas laborables.<\/p><h4 class=\"wp-block-heading\" id=\"h-latin-america\"><strong><strong>Am\u00e9rica Latina<\/strong><\/strong><\/h4><p>Alrededor de 10-20 d\u00edas laborables.<\/p><p>No todas las opciones est\u00e1n disponibles para todos los pa\u00edses. Los costos y el env\u00edo gratuito var\u00edan seg\u00fan el pa\u00eds, \u00a1verifique en el carrito! Los compradores son responsables de los aranceles, impuestos y tarifas de anticipo locales en el momento de la entrega en los pa\u00edses donde corresponda.<\/p><h2 class=\"wp-block-heading\">Env\u00edo de vacaciones<\/h2><p>Quer\u00edamos informarle que es posible que tardemos un poco m\u00e1s de lo habitual en enviar su pedido y procesar las devoluciones.<\/p><h2>Cont\u00e1ctenos<\/h2>\n<p><!-- \/wp:post-content --><\/p>\n<p><!-- wp:paragraph --><\/p>\n<p>Si tiene alguna pregunta sobre estos T\u00e9rminos, por favor&nbsp;<a href=\"https:\/\/h-crystal.com\/contact\">Cont\u00e1ctenos<\/a>.<\/p>\n<p><\/p>\n<p><!-- \/wp:paragraph --><\/p>","protected":false},"excerpt":{"rendered":"<p>Pol\u00edtica de env\u00edos: Sabemos lo emocionados que est\u00e1n nuestros clientes al recibir sus nuevos productos, por lo que todos los pedidos se empaquetan y env\u00edan en un plazo de 2 d\u00edas h\u00e1biles. El tiempo de entrega estimado y el transportista var\u00edan seg\u00fan el destino. El comprador es responsable de los aranceles, impuestos y cargos por adelantado locales al momento de la entrega en los pa\u00edses donde corresponda. No nos hacemos responsables\u2026<\/p>","protected":false},"author":1,"featured_media":0,"parent":0,"menu_order":0,"comment_status":"closed","ping_status":"closed","template":"","meta":{"_kad_blocks_custom_css":"","_kad_blocks_head_custom_js":"","_kad_blocks_body_custom_js":"","_kad_blocks_footer_custom_js":"","_kad_post_transparent":"","_kad_post_title":"","_kad_post_layout":"","_kad_post_sidebar_id":"","_kad_post_content_style":"","_kad_post_vertical_padding":"","_kad_post_feature":"","_kad_post_feature_position":"","_kad_post_header":false,"_kad_post_footer":false,"footnotes":""},"class_list":["post-1718","page","type-page","status-publish","hentry"],"yoast_head":"<!-- This site is optimized with the Yoast SEO Premium plugin v20.5 (Yoast SEO v22.7) - https:\/\/yoast.com\/wordpress\/plugins\/seo\/ -->\n<title>Shipping Policy - Pure Fantasy<\/title>\n<meta name=\"robots\" content=\"index, follow, max-snippet:-1, max-image-preview:large, max-video-preview:-1\" \/>\n<link rel=\"canonical\" href=\"https:\/\/purefantasysky.com\/es\/shipping-policy\/\" \/>\n<meta property=\"og:locale\" content=\"es_ES\" \/>\n<meta property=\"og:type\" content=\"article\" \/>\n<meta property=\"og:title\" content=\"Shipping Policy\" \/>\n<meta property=\"og:description\" content=\"Shipping Policy We know how excited our customers are to receive their new products, so all orders are packaged and shipped within 2 business day. Estimated delivery time and carrier varies by destination. Shipping Time Buyers are responsible for local duties, taxes and advancement fees at delivery in countries where applicable We are not responsible...\" \/>\n<meta property=\"og:url\" content=\"https:\/\/purefantasysky.com\/es\/shipping-policy\/\" \/>\n<meta property=\"og:site_name\" content=\"Pure Fantasy\" \/>\n<meta property=\"article:modified_time\" content=\"2023-05-29T11:05:51+00:00\" \/>\n<meta name=\"twitter:card\" content=\"summary_large_image\" \/>\n<meta name=\"twitter:label1\" content=\"Tiempo de lectura\" \/>\n\t<meta name=\"twitter:data1\" content=\"1 minuto\" \/>\n<script type=\"application\/ld+json\" class=\"yoast-schema-graph\">{\"@context\":\"https:\/\/schema.org\",\"@graph\":[{\"@type\":\"WebPage\",\"@id\":\"https:\/\/purefantasysky.com\/shipping-policy\/\",\"url\":\"https:\/\/purefantasysky.com\/shipping-policy\/\",\"name\":\"Shipping Policy - Pure Fantasy\",\"isPartOf\":{\"@id\":\"https:\/\/purefantasysky.com\/#website\"},\"datePublished\":\"2023-05-29T11:05:48+00:00\",\"dateModified\":\"2023-05-29T11:05:51+00:00\",\"breadcrumb\":{\"@id\":\"https:\/\/purefantasysky.com\/shipping-policy\/#breadcrumb\"},\"inLanguage\":\"es\",\"potentialAction\":[{\"@type\":\"ReadAction\",\"target\":[\"https:\/\/purefantasysky.com\/shipping-policy\/\"]}]},{\"@type\":\"BreadcrumbList\",\"@id\":\"https:\/\/purefantasysky.com\/shipping-policy\/#breadcrumb\",\"itemListElement\":[{\"@type\":\"ListItem\",\"position\":1,\"name\":\"Home\",\"item\":\"https:\/\/purefantasysky.com\/\"},{\"@type\":\"ListItem\",\"position\":2,\"name\":\"Shipping Policy\"}]},{\"@type\":\"WebSite\",\"@id\":\"https:\/\/purefantasysky.com\/#website\",\"url\":\"https:\/\/purefantasysky.com\/\",\"name\":\"Pure Fantasy\",\"description\":\"Pure Fantasy\",\"publisher\":{\"@id\":\"https:\/\/purefantasysky.com\/#organization\"},\"potentialAction\":[{\"@type\":\"SearchAction\",\"target\":{\"@type\":\"EntryPoint\",\"urlTemplate\":\"https:\/\/purefantasysky.com\/?s={search_term_string}\"},\"query-input\":\"required name=search_term_string\"}],\"inLanguage\":\"es\"},{\"@type\":\"Organization\",\"@id\":\"https:\/\/purefantasysky.com\/#organization\",\"name\":\"Pure Fantasy\",\"url\":\"https:\/\/purefantasysky.com\/\",\"logo\":{\"@type\":\"ImageObject\",\"inLanguage\":\"es\",\"@id\":\"https:\/\/purefantasysky.com\/#\/schema\/logo\/image\/\",\"url\":\"https:\/\/purefantasysky.com\/wp-content\/uploads\/2024\/04\/logo221.png\",\"contentUrl\":\"https:\/\/purefantasysky.com\/wp-content\/uploads\/2024\/04\/logo221.png\",\"width\":624,\"height\":240,\"caption\":\"Pure Fantasy\"},\"image\":{\"@id\":\"https:\/\/purefantasysky.com\/#\/schema\/logo\/image\/\"}}]}<\/script>\n<!-- \/ Yoast SEO Premium plugin. -->","yoast_head_json":{"title":"Shipping Policy - Pure Fantasy","robots":{"index":"index","follow":"follow","max-snippet":"max-snippet:-1","max-image-preview":"max-image-preview:large","max-video-preview":"max-video-preview:-1"},"canonical":"https:\/\/purefantasysky.com\/es\/shipping-policy\/","og_locale":"es_ES","og_type":"article","og_title":"Shipping Policy","og_description":"Shipping Policy We know how excited our customers are to receive their new products, so all orders are packaged and shipped within 2 business day. Estimated delivery time and carrier varies by destination. Shipping Time Buyers are responsible for local duties, taxes and advancement fees at delivery in countries where applicable We are not responsible...","og_url":"https:\/\/purefantasysky.com\/es\/shipping-policy\/","og_site_name":"Pure Fantasy","article_modified_time":"2023-05-29T11:05:51+00:00","twitter_card":"summary_large_image","twitter_misc":{"Tiempo de lectura":"1 minuto"},"schema":{"@context":"https:\/\/schema.org","@graph":[{"@type":"WebPage","@id":"https:\/\/purefantasysky.com\/shipping-policy\/","url":"https:\/\/purefantasysky.com\/shipping-policy\/","name":"Shipping Policy - Pure Fantasy","isPartOf":{"@id":"https:\/\/purefantasysky.com\/#website"},"datePublished":"2023-05-29T11:05:48+00:00","dateModified":"2023-05-29T11:05:51+00:00","breadcrumb":{"@id":"https:\/\/purefantasysky.com\/shipping-policy\/#breadcrumb"},"inLanguage":"es","potentialAction":[{"@type":"ReadAction","target":["https:\/\/purefantasysky.com\/shipping-policy\/"]}]},{"@type":"BreadcrumbList","@id":"https:\/\/purefantasysky.com\/shipping-policy\/#breadcrumb","itemListElement":[{"@type":"ListItem","position":1,"name":"Home","item":"https:\/\/purefantasysky.com\/"},{"@type":"ListItem","position":2,"name":"Shipping Policy"}]},{"@type":"WebSite","@id":"https:\/\/purefantasysky.com\/#website","url":"https:\/\/purefantasysky.com\/","name":"Pure Fantasy","description":"Pure Fantasy","publisher":{"@id":"https:\/\/purefantasysky.com\/#organization"},"potentialAction":[{"@type":"SearchAction","target":{"@type":"EntryPoint","urlTemplate":"https:\/\/purefantasysky.com\/?s={search_term_string}"},"query-input":"required name=search_term_string"}],"inLanguage":"es"},{"@type":"Organization","@id":"https:\/\/purefantasysky.com\/#organization","name":"Pure Fantasy","url":"https:\/\/purefantasysky.com\/","logo":{"@type":"ImageObject","inLanguage":"es","@id":"https:\/\/purefantasysky.com\/#\/schema\/logo\/image\/","url":"https:\/\/purefantasysky.com\/wp-content\/uploads\/2024\/04\/logo221.png","contentUrl":"https:\/\/purefantasysky.com\/wp-content\/uploads\/2024\/04\/logo221.png","width":624,"height":240,"caption":"Pure Fantasy"},"image":{"@id":"https:\/\/purefantasysky.com\/#\/schema\/logo\/image\/"}}]}},"featured_image_src_large":false,"author_info":{"display_name":"admin","author_link":"https:\/\/purefantasysky.com\/es\/author\/admin\/"},"comment_info":0,"taxonomy_info":[],"_links":{"self":[{"href":"https:\/\/purefantasysky.com\/es\/wp-json\/wp\/v2\/pages\/1718","targetHints":{"allow":["GET"]}}],"collection":[{"href":"https:\/\/purefantasysky.com\/es\/wp-json\/wp\/v2\/pages"}],"about":[{"href":"https:\/\/purefantasysky.com\/es\/wp-json\/wp\/v2\/types\/page"}],"author":[{"embeddable":true,"href":"https:\/\/purefantasysky.com\/es\/wp-json\/wp\/v2\/users\/1"}],"replies":[{"embeddable":true,"href":"https:\/\/purefantasysky.com\/es\/wp-json\/wp\/v2\/comments?post=1718"}],"version-history":[{"count":1,"href":"https:\/\/purefantasysky.com\/es\/wp-json\/wp\/v2\/pages\/1718\/revisions"}],"predecessor-version":[{"id":1725,"href":"https:\/\/purefantasysky.com\/es\/wp-json\/wp\/v2\/pages\/1718\/revisions\/1725"}],"wp:attachment":[{"href":"https:\/\/purefantasysky.com\/es\/wp-json\/wp\/v2\/media?parent=1718"}],"curies":[{"name":"wp","href":"https:\/\/api.w.org\/{rel}","templated":true}]}}