{"id":3,"date":"2023-04-17T15:24:21","date_gmt":"2023-04-17T15:24:21","guid":{"rendered":"https:\/\/purefantasysky.com\/?page_id=3"},"modified":"2023-05-29T11:04:06","modified_gmt":"2023-05-29T11:04:06","slug":"privacy-policy","status":"publish","type":"page","link":"https:\/\/purefantasysky.com\/es\/privacy-policy\/","title":{"rendered":"pol\u00edtica de privacidad"},"content":{"rendered":"<h1 class=\"wp-block-heading\" id=\"h-privacy-policy\">pol\u00edtica de privacidad<\/h1><p>Cocodolls (\u201cnosotros\u201d, \u201ca nosotros\u201d o \u201cnuestro\u201d) opera el sitio web de Cocodolls (el \u201cServicio\u201d).<\/p><p>Esta p\u00e1gina le informa sobre nuestras pol\u00edticas con respecto a la recopilaci\u00f3n, uso y divulgaci\u00f3n de Informaci\u00f3n personal cuando utiliza nuestro Servicio.<\/p><p>No usaremos ni compartiremos su informaci\u00f3n con nadie excepto como se describe en esta Pol\u00edtica de Privacidad.<\/p><p>Utilizamos su informaci\u00f3n personal para proporcionar y mejorar el Servicio. Al utilizar el Servicio, usted acepta la recopilaci\u00f3n y el uso de informaci\u00f3n de acuerdo con esta pol\u00edtica. A menos que se defina lo contrario en esta Pol\u00edtica de privacidad, los t\u00e9rminos utilizados en esta Pol\u00edtica de privacidad tienen el mismo significado que en nuestros T\u00e9rminos y condiciones, accesibles en https:\/\/Cocodolls.com<\/p><h2 class=\"wp-block-heading\" id=\"h-information-collection-and-use\">Recopilaci\u00f3n y uso de informaci\u00f3n<\/h2><p>Mientras utiliza nuestro Servicio, es posible que le solicitemos que nos proporcione cierta informaci\u00f3n de identificaci\u00f3n personal que pueda usarse para contactarlo o identificarlo. La informaci\u00f3n de identificaci\u00f3n personal (\u201cInformaci\u00f3n personal\u201d) puede incluir, entre otros:<\/p><ul class=\"wp-block-list\"><li>Nombre<\/li>\n\n<li>Direcci\u00f3n de correo electr\u00f3nico<\/li>\n\n<li>N\u00famero de tel\u00e9fono<\/li>\n\n<li>DIRECCI\u00d3N<\/li><\/ul><h2 class=\"wp-block-heading\" id=\"h-log-data\">Dato de registro<\/h2><p>Recopilamos informaci\u00f3n que su navegador env\u00eda cada vez que visita nuestro Servicio (&quot;Datos de registro&quot;). Estos datos de registro pueden incluir informaci\u00f3n como la direcci\u00f3n del Protocolo de Internet (\u201cIP\u201d) de su computadora, el tipo de navegador, la versi\u00f3n del navegador, las p\u00e1ginas de nuestro Servicio que visita, la hora y fecha de su visita, el tiempo dedicado a esas p\u00e1ginas y otros Estad\u00edsticas.<\/p><h2 class=\"wp-block-heading\" id=\"h-cookies\">Galletas<\/h2><p>Las cookies son archivos con peque\u00f1a cantidad de datos, que pueden incluir un identificador \u00fanico an\u00f3nimo. Las cookies se env\u00edan a su navegador desde un sitio web y se almacenan en el disco duro de su computadora.<\/p><p>Utilizamos \u201ccookies\u201d para recopilar informaci\u00f3n. Puede indicarle a su navegador que rechace todas las cookies o que indique cu\u00e1ndo se env\u00eda una cookie. Sin embargo, si no acepta las cookies, es posible que no pueda utilizar algunas partes de nuestro Servicio.<\/p><h2 class=\"wp-block-heading\" id=\"h-service-providers\">Proveedores de servicio<\/h2><p>Podemos emplear empresas e individuos de terceros para facilitar nuestro Servicio, proporcionar el Servicio en nuestro nombre, realizar servicios relacionados con el Servicio o ayudarnos a analizar c\u00f3mo se utiliza nuestro Servicio.<\/p><p>Estos terceros tienen acceso a su Informaci\u00f3n personal solo para realizar estas tareas en nuestro nombre y est\u00e1n obligados a no revelarla ni utilizarla para ning\u00fan otro prop\u00f3sito.<\/p><h2 class=\"wp-block-heading\" id=\"h-security\">Seguridad<\/h2><p>La seguridad de su informaci\u00f3n personal es importante para nosotros, pero recuerde que ning\u00fan m\u00e9todo de transmisi\u00f3n a trav\u00e9s de Internet o m\u00e9todo de almacenamiento electr\u00f3nico es 100% seguro. Si bien nos esforzamos por utilizar medios comercialmente aceptables para proteger su informaci\u00f3n personal, no podemos garantizar su seguridad absoluta.<\/p><h2 class=\"wp-block-heading\" id=\"h-links-to-other-sites\">Enlaces a otros sitios<\/h2><p>Nuestro Servicio puede contener enlaces a otros sitios que no son operados por nosotros. Si hace clic en un enlace de un tercero, ser\u00e1 dirigido al sitio de ese tercero. Le recomendamos encarecidamente que revise la Pol\u00edtica de privacidad de cada sitio que visite.<\/p><p>No tenemos control ni asumimos ninguna responsabilidad por el contenido, las pol\u00edticas o pr\u00e1cticas de privacidad de sitios o servicios de terceros.<\/p><h2 class=\"wp-block-heading\" id=\"h-children-s-privacy\">Privacidad de los ni\u00f1os<\/h2><p>Nuestro Servicio no est\u00e1 dirigido a personas menores de 18 a\u00f1os (&quot;Ni\u00f1os&quot;).<\/p><p>No recopilamos intencionalmente informaci\u00f3n de identificaci\u00f3n personal de ni\u00f1os menores de 18 a\u00f1os. Si usted es padre o tutor y sabe que su hijo nos ha proporcionado informaci\u00f3n personal, comun\u00edquese con nosotros. Si descubrimos que un ni\u00f1o menor de 18 a\u00f1os nos ha proporcionado informaci\u00f3n personal, eliminaremos dicha informaci\u00f3n de nuestros servidores inmediatamente.<\/p><h2 class=\"wp-block-heading\" id=\"h-compliance-with-laws\">De acuerdo con las leyes<\/h2><p>Divulgaremos su informaci\u00f3n personal cuando as\u00ed lo exija la ley o una citaci\u00f3n.<\/p><h2 class=\"wp-block-heading\" id=\"h-changes-to-this-privacy-policy\">Cambios a esta pol\u00edtica de privacidad<\/h2><p>Podemos actualizar nuestra Pol\u00edtica de Privacidad de vez en cuando. Le notificaremos cualquier cambio publicando la nueva Pol\u00edtica de Privacidad en esta p\u00e1gina.<\/p><p>Se le recomienda revisar esta Pol\u00edtica de Privacidad peri\u00f3dicamente para detectar cualquier cambio. Los cambios a esta Pol\u00edtica de Privacidad entran en vigencia cuando se publican en esta p\u00e1gina.<\/p><h2 class=\"wp-block-heading\" id=\"h-contact-us\">Cont\u00e1ctenos<\/h2><p>Si tiene alguna pregunta sobre esta Pol\u00edtica de Privacidad, por favor&nbsp;<a href=\"https:\/\/h-crystal.com\/contact\">Cont\u00e1ctenos<\/a>.<\/p>","protected":false},"excerpt":{"rendered":"<p>Pol\u00edtica de Privacidad Cocodolls (\u201cnosotros\u201d, \u201cnos\u201d o \u201cnuestro\u201d) opera el sitio web Cocodolls (el \u201cServicio\u201d). Esta p\u00e1gina le informa sobre nuestras pol\u00edticas respecto a la recopilaci\u00f3n, uso y divulgaci\u00f3n de Informaci\u00f3n Personal al utilizar nuestro Servicio. No utilizaremos ni compartiremos su informaci\u00f3n con nadie, salvo seg\u00fan lo descrito en esta Pol\u00edtica de Privacidad. Utilizamos su informaci\u00f3n personal\u2026<\/p>","protected":false},"author":1,"featured_media":0,"parent":0,"menu_order":0,"comment_status":"closed","ping_status":"open","template":"","meta":{"_kad_blocks_custom_css":"","_kad_blocks_head_custom_js":"","_kad_blocks_body_custom_js":"","_kad_blocks_footer_custom_js":"","_kad_post_transparent":"","_kad_post_title":"","_kad_post_layout":"","_kad_post_sidebar_id":"","_kad_post_content_style":"","_kad_post_vertical_padding":"","_kad_post_feature":"","_kad_post_feature_position":"","_kad_post_header":false,"_kad_post_footer":false,"footnotes":""},"class_list":["post-3","page","type-page","status-publish","hentry"],"yoast_head":"<!-- This site is optimized with the Yoast SEO Premium plugin v20.5 (Yoast SEO v22.7) - https:\/\/yoast.com\/wordpress\/plugins\/seo\/ -->\n<title>Privacy Policy - Pure Fantasy<\/title>\n<meta name=\"robots\" content=\"index, follow, max-snippet:-1, max-image-preview:large, max-video-preview:-1\" \/>\n<link rel=\"canonical\" href=\"https:\/\/purefantasysky.com\/es\/privacy-policy\/\" \/>\n<meta property=\"og:locale\" content=\"es_ES\" \/>\n<meta property=\"og:type\" content=\"article\" \/>\n<meta property=\"og:title\" content=\"Privacy Policy\" \/>\n<meta property=\"og:description\" content=\"Privacy Policy Cocodolls (\u201cus\u201d, \u201cwe\u201d, or \u201cour\u201d) operates the Cocodolls website (the \u201cService\u201d). This page informs you of our policies regarding the collection, use and disclosure of Personal Information when you use our Service. We will not use or share your information with anyone except as described in this Privacy Policy. We use your Personal...\" \/>\n<meta property=\"og:url\" content=\"https:\/\/purefantasysky.com\/es\/privacy-policy\/\" \/>\n<meta property=\"og:site_name\" content=\"Pure Fantasy\" \/>\n<meta property=\"article:modified_time\" content=\"2023-05-29T11:04:06+00:00\" \/>\n<meta name=\"twitter:card\" content=\"summary_large_image\" \/>\n<meta name=\"twitter:label1\" content=\"Tiempo de lectura\" \/>\n\t<meta name=\"twitter:data1\" content=\"3 minutos\" \/>\n<script type=\"application\/ld+json\" class=\"yoast-schema-graph\">{\"@context\":\"https:\/\/schema.org\",\"@graph\":[{\"@type\":\"WebPage\",\"@id\":\"https:\/\/purefantasysky.com\/privacy-policy\/\",\"url\":\"https:\/\/purefantasysky.com\/privacy-policy\/\",\"name\":\"Privacy Policy - Pure Fantasy\",\"isPartOf\":{\"@id\":\"https:\/\/purefantasysky.com\/#website\"},\"datePublished\":\"2023-04-17T15:24:21+00:00\",\"dateModified\":\"2023-05-29T11:04:06+00:00\",\"breadcrumb\":{\"@id\":\"https:\/\/purefantasysky.com\/privacy-policy\/#breadcrumb\"},\"inLanguage\":\"es\",\"potentialAction\":[{\"@type\":\"ReadAction\",\"target\":[\"https:\/\/purefantasysky.com\/privacy-policy\/\"]}]},{\"@type\":\"BreadcrumbList\",\"@id\":\"https:\/\/purefantasysky.com\/privacy-policy\/#breadcrumb\",\"itemListElement\":[{\"@type\":\"ListItem\",\"position\":1,\"name\":\"Home\",\"item\":\"https:\/\/purefantasysky.com\/\"},{\"@type\":\"ListItem\",\"position\":2,\"name\":\"Privacy Policy\"}]},{\"@type\":\"WebSite\",\"@id\":\"https:\/\/purefantasysky.com\/#website\",\"url\":\"https:\/\/purefantasysky.com\/\",\"name\":\"Pure Fantasy\",\"description\":\"Pure Fantasy\",\"publisher\":{\"@id\":\"https:\/\/purefantasysky.com\/#organization\"},\"potentialAction\":[{\"@type\":\"SearchAction\",\"target\":{\"@type\":\"EntryPoint\",\"urlTemplate\":\"https:\/\/purefantasysky.com\/?s={search_term_string}\"},\"query-input\":\"required name=search_term_string\"}],\"inLanguage\":\"es\"},{\"@type\":\"Organization\",\"@id\":\"https:\/\/purefantasysky.com\/#organization\",\"name\":\"Pure Fantasy\",\"url\":\"https:\/\/purefantasysky.com\/\",\"logo\":{\"@type\":\"ImageObject\",\"inLanguage\":\"es\",\"@id\":\"https:\/\/purefantasysky.com\/#\/schema\/logo\/image\/\",\"url\":\"https:\/\/purefantasysky.com\/wp-content\/uploads\/2024\/04\/logo221.png\",\"contentUrl\":\"https:\/\/purefantasysky.com\/wp-content\/uploads\/2024\/04\/logo221.png\",\"width\":624,\"height\":240,\"caption\":\"Pure Fantasy\"},\"image\":{\"@id\":\"https:\/\/purefantasysky.com\/#\/schema\/logo\/image\/\"}}]}<\/script>\n<!-- \/ Yoast SEO Premium plugin. -->","yoast_head_json":{"title":"Privacy Policy - Pure Fantasy","robots":{"index":"index","follow":"follow","max-snippet":"max-snippet:-1","max-image-preview":"max-image-preview:large","max-video-preview":"max-video-preview:-1"},"canonical":"https:\/\/purefantasysky.com\/es\/privacy-policy\/","og_locale":"es_ES","og_type":"article","og_title":"Privacy Policy","og_description":"Privacy Policy Cocodolls (\u201cus\u201d, \u201cwe\u201d, or \u201cour\u201d) operates the Cocodolls website (the \u201cService\u201d). This page informs you of our policies regarding the collection, use and disclosure of Personal Information when you use our Service. We will not use or share your information with anyone except as described in this Privacy Policy. We use your Personal...","og_url":"https:\/\/purefantasysky.com\/es\/privacy-policy\/","og_site_name":"Pure Fantasy","article_modified_time":"2023-05-29T11:04:06+00:00","twitter_card":"summary_large_image","twitter_misc":{"Tiempo de lectura":"3 minutos"},"schema":{"@context":"https:\/\/schema.org","@graph":[{"@type":"WebPage","@id":"https:\/\/purefantasysky.com\/privacy-policy\/","url":"https:\/\/purefantasysky.com\/privacy-policy\/","name":"Privacy Policy - Pure Fantasy","isPartOf":{"@id":"https:\/\/purefantasysky.com\/#website"},"datePublished":"2023-04-17T15:24:21+00:00","dateModified":"2023-05-29T11:04:06+00:00","breadcrumb":{"@id":"https:\/\/purefantasysky.com\/privacy-policy\/#breadcrumb"},"inLanguage":"es","potentialAction":[{"@type":"ReadAction","target":["https:\/\/purefantasysky.com\/privacy-policy\/"]}]},{"@type":"BreadcrumbList","@id":"https:\/\/purefantasysky.com\/privacy-policy\/#breadcrumb","itemListElement":[{"@type":"ListItem","position":1,"name":"Home","item":"https:\/\/purefantasysky.com\/"},{"@type":"ListItem","position":2,"name":"Privacy Policy"}]},{"@type":"WebSite","@id":"https:\/\/purefantasysky.com\/#website","url":"https:\/\/purefantasysky.com\/","name":"Pure Fantasy","description":"Pure Fantasy","publisher":{"@id":"https:\/\/purefantasysky.com\/#organization"},"potentialAction":[{"@type":"SearchAction","target":{"@type":"EntryPoint","urlTemplate":"https:\/\/purefantasysky.com\/?s={search_term_string}"},"query-input":"required name=search_term_string"}],"inLanguage":"es"},{"@type":"Organization","@id":"https:\/\/purefantasysky.com\/#organization","name":"Pure Fantasy","url":"https:\/\/purefantasysky.com\/","logo":{"@type":"ImageObject","inLanguage":"es","@id":"https:\/\/purefantasysky.com\/#\/schema\/logo\/image\/","url":"https:\/\/purefantasysky.com\/wp-content\/uploads\/2024\/04\/logo221.png","contentUrl":"https:\/\/purefantasysky.com\/wp-content\/uploads\/2024\/04\/logo221.png","width":624,"height":240,"caption":"Pure Fantasy"},"image":{"@id":"https:\/\/purefantasysky.com\/#\/schema\/logo\/image\/"}}]}},"featured_image_src_large":false,"author_info":{"display_name":"admin","author_link":"https:\/\/purefantasysky.com\/es\/author\/admin\/"},"comment_info":0,"taxonomy_info":[],"_links":{"self":[{"href":"https:\/\/purefantasysky.com\/es\/wp-json\/wp\/v2\/pages\/3","targetHints":{"allow":["GET"]}}],"collection":[{"href":"https:\/\/purefantasysky.com\/es\/wp-json\/wp\/v2\/pages"}],"about":[{"href":"https:\/\/purefantasysky.com\/es\/wp-json\/wp\/v2\/types\/page"}],"author":[{"embeddable":true,"href":"https:\/\/purefantasysky.com\/es\/wp-json\/wp\/v2\/users\/1"}],"replies":[{"embeddable":true,"href":"https:\/\/purefantasysky.com\/es\/wp-json\/wp\/v2\/comments?post=3"}],"version-history":[{"count":1,"href":"https:\/\/purefantasysky.com\/es\/wp-json\/wp\/v2\/pages\/3\/revisions"}],"predecessor-version":[{"id":1724,"href":"https:\/\/purefantasysky.com\/es\/wp-json\/wp\/v2\/pages\/3\/revisions\/1724"}],"wp:attachment":[{"href":"https:\/\/purefantasysky.com\/es\/wp-json\/wp\/v2\/media?parent=3"}],"curies":[{"name":"wp","href":"https:\/\/api.w.org\/{rel}","templated":true}]}}