{"id":14,"date":"2021-12-13T08:57:31","date_gmt":"2021-12-13T08:57:31","guid":{"rendered":"https:\/\/kadence.pixel-show.com\/wooden-craft\/?page_id=14"},"modified":"2024-04-20T14:22:04","modified_gmt":"2024-04-20T14:22:04","slug":"about","status":"publish","type":"page","link":"https:\/\/purefantasysky.com\/fr\/about\/","title":{"rendered":"\u00c0 propos"},"content":{"rendered":"<style>.kb-row-layout-id_3de121-55 > .kt-row-column-wrap{align-content:start;}:where(.kb-row-layout-id_3de121-55 > .kt-row-column-wrap) > .wp-block-kadence-column{justify-content:start;}.kb-row-layout-id_3de121-55 > .kt-row-column-wrap{column-gap:var(--global-kb-gap-md, 2rem);row-gap:var(--global-kb-gap-md, 2rem);max-width:var( --global-content-width, 1290px );padding-left:var(--global-content-edge-padding);padding-right:var(--global-content-edge-padding);padding-top:250px;padding-right:20px;padding-bottom:120px;padding-left:20px;grid-template-columns:minmax(0, 1fr);}.kb-row-layout-id_3de121-55{background-color:#000000;background-image:url('https:\/\/purefantasysky.com\/wp-content\/uploads\/2023\/05\/1920x690-2.jpg');background-size:cover;background-position:34% 35%;background-attachment:scroll;background-repeat:no-repeat;}.kb-row-layout-id_3de121-55 > .kt-row-layout-overlay{opacity:0.55;background-color:var(--global-palette3, #1A202C);mix-blend-mode:normal;}@media all and (max-width: 1024px){.kb-row-layout-id_3de121-55 > .kt-row-column-wrap{padding-top:100px;padding-bottom:80px;grid-template-columns:minmax(0, 1fr);}}@media all and (max-width: 767px){.kb-row-layout-id_3de121-55 > .kt-row-column-wrap{padding-top:60px;padding-bottom:60px;grid-template-columns:minmax(0, 1fr);}}<\/style><div class=\"kb-row-layout-wrap kb-row-layout-id_3de121-55 alignnone kt-row-has-bg wp-block-kadence-rowlayout\"><div class=\"kt-row-layout-overlay kt-row-overlay-normal\"><\/div><div class=\"kt-row-column-wrap kt-has-1-columns kt-row-layout-equal kt-tab-layout-inherit kt-mobile-layout-row kt-row-valign-top kb-theme-content-width\">\n<style>.kadence-column_db2c6e-3d > .kt-inside-inner-col,.kadence-column_db2c6e-3d > .kt-inside-inner-col:before{border-top-left-radius:0px;border-top-right-radius:0px;border-bottom-right-radius:0px;border-bottom-left-radius:0px;}.kadence-column_db2c6e-3d > .kt-inside-inner-col{column-gap:var(--global-kb-gap-sm, 1rem);}.kadence-column_db2c6e-3d > .kt-inside-inner-col{flex-direction:column;}.kadence-column_db2c6e-3d > .kt-inside-inner-col > .aligncenter{width:100%;}.kadence-column_db2c6e-3d > .kt-inside-inner-col:before{opacity:0.3;}.kadence-column_db2c6e-3d{position:relative;}@media all and (max-width: 1024px){.kadence-column_db2c6e-3d > .kt-inside-inner-col{flex-direction:column;justify-content:center;}}@media all and (max-width: 767px){.kadence-column_db2c6e-3d > .kt-inside-inner-col{flex-direction:column;justify-content:center;}}<\/style>\n<div class=\"wp-block-kadence-column kadence-column_db2c6e-3d inner-column-1\"><div class=\"kt-inside-inner-col\"><style>.wp-block-kadence-spacer.kt-block-spacer-_f01dfd-89 .kt-block-spacer{height:6px;}.wp-block-kadence-spacer.kt-block-spacer-_f01dfd-89 .kt-divider{border-top-width:1px;height:1px;border-top-color:var(--global-palette2, #2B6CB0);width:10%;border-top-style:solid;}<\/style>\n<div class=\"wp-block-kadence-spacer aligncenter kt-block-spacer-_f01dfd-89\"><div class=\"kt-block-spacer kt-block-spacer-halign-center\"><hr class=\"kt-divider\"\/><\/div><\/div>\n\n<style>.wp-block-kadence-advancedheading.kt-adv-heading_04d146-05, .wp-block-kadence-advancedheading.kt-adv-heading_04d146-05[data-kb-block=\"kb-adv-heading_04d146-05\"]{margin-top:0px;text-align:center;font-style:normal;}.wp-block-kadence-advancedheading.kt-adv-heading_04d146-05 mark.kt-highlight, .wp-block-kadence-advancedheading.kt-adv-heading_04d146-05[data-kb-block=\"kb-adv-heading_04d146-05\"] mark.kt-highlight{font-style:normal;color:#f76a0c;-webkit-box-decoration-break:clone;box-decoration-break:clone;padding-top:0px;padding-right:0px;padding-bottom:0px;padding-left:0px;}<\/style>\n<h2 class=\"kt-adv-heading_04d146-05 wp-block-kadence-advancedheading has-theme-palette-9-color has-text-color\" data-kb-block=\"kb-adv-heading_04d146-05\">\u00c0 propos de nous<\/h2><\/div><\/div>\n<\/div><\/div><style>.kb-row-layout-id_171ddf-36 > .kt-row-column-wrap{align-content:start;}:where(.kb-row-layout-id_171ddf-36 > .kt-row-column-wrap) > .wp-block-kadence-column{justify-content:start;}.kb-row-layout-id_171ddf-36 > .kt-row-column-wrap{column-gap:var(--global-kb-gap-md, 2rem);row-gap:var(--global-kb-gap-md, 2rem);max-width:var( --global-content-width, 1290px );padding-left:var(--global-content-edge-padding);padding-right:var(--global-content-edge-padding);padding-top:100px;padding-bottom:100px;grid-template-columns:minmax(0, 1fr);}.kb-row-layout-id_171ddf-36 > .kt-row-layout-overlay{opacity:0.30;}@media all and (max-width: 1024px){.kb-row-layout-id_171ddf-36 > .kt-row-column-wrap{grid-template-columns:minmax(0, 1fr);}}@media all and (max-width: 767px){.kb-row-layout-id_171ddf-36 > .kt-row-column-wrap{padding-right:12px;padding-left:12px;grid-template-columns:minmax(0, 1fr);}}<\/style><div class=\"kb-row-layout-wrap kb-row-layout-id_171ddf-36 alignnone has-theme-palette9-background-color kt-row-has-bg wp-block-kadence-rowlayout\"><div class=\"kt-row-column-wrap kt-has-1-columns kt-row-layout-equal kt-tab-layout-inherit kt-mobile-layout-row kt-row-valign-top kb-theme-content-width\">\n<style>.kadence-column_afb2d2-76 > .kt-inside-inner-col,.kadence-column_afb2d2-76 > .kt-inside-inner-col:before{border-top-left-radius:0px;border-top-right-radius:0px;border-bottom-right-radius:0px;border-bottom-left-radius:0px;}.kadence-column_afb2d2-76 > .kt-inside-inner-col{column-gap:var(--global-kb-gap-sm, 1rem);}.kadence-column_afb2d2-76 > .kt-inside-inner-col{flex-direction:column;}.kadence-column_afb2d2-76 > .kt-inside-inner-col > .aligncenter{width:100%;}.kadence-column_afb2d2-76 > .kt-inside-inner-col:before{opacity:0.3;}.kadence-column_afb2d2-76{position:relative;}@media all and (max-width: 1024px){.kadence-column_afb2d2-76 > .kt-inside-inner-col{flex-direction:column;justify-content:center;}}@media all and (max-width: 767px){.kadence-column_afb2d2-76 > .kt-inside-inner-col{flex-direction:column;justify-content:center;}}<\/style>\n<div class=\"wp-block-kadence-column kadence-column_afb2d2-76 inner-column-1\"><div class=\"kt-inside-inner-col\"><style>.wp-block-kadence-advancedheading.kt-adv-heading_9ce92a-6e, .wp-block-kadence-advancedheading.kt-adv-heading_9ce92a-6e[data-kb-block=\"kb-adv-heading_9ce92a-6e\"]{text-align:center;font-style:normal;}.wp-block-kadence-advancedheading.kt-adv-heading_9ce92a-6e mark.kt-highlight, .wp-block-kadence-advancedheading.kt-adv-heading_9ce92a-6e[data-kb-block=\"kb-adv-heading_9ce92a-6e\"] mark.kt-highlight{font-style:normal;color:#f76a0c;-webkit-box-decoration-break:clone;box-decoration-break:clone;padding-top:0px;padding-right:0px;padding-bottom:0px;padding-left:0px;}<\/style>\n<h2 class=\"kt-adv-heading_9ce92a-6e wp-block-kadence-advancedheading has-theme-palette-3-color has-text-color\" data-kb-block=\"kb-adv-heading_9ce92a-6e\">D\u00e9couvrez Pure Fantasy<\/h2>\n\n<style>.kb-row-layout-id_5503ad-75 > .kt-row-column-wrap{align-content:start;}:where(.kb-row-layout-id_5503ad-75 > .kt-row-column-wrap) > .wp-block-kadence-column{justify-content:start;}.kb-row-layout-id_5503ad-75 > .kt-row-column-wrap{column-gap:var(--global-kb-gap-md, 2rem);row-gap:var(--global-kb-gap-md, 2rem);max-width:var( --global-content-width, 1290px );padding-left:var(--global-content-edge-padding);padding-right:var(--global-content-edge-padding);padding-top:24px;padding-bottom:24px;grid-template-columns:repeat(2, minmax(0, 1fr));}.kb-row-layout-id_5503ad-75 > .kt-row-layout-overlay{opacity:0.30;}@media all and (max-width: 1024px){.kb-row-layout-id_5503ad-75 > .kt-row-column-wrap{grid-template-columns:repeat(2, minmax(0, 1fr));}}@media all and (max-width: 767px){.kb-row-layout-id_5503ad-75 > .kt-row-column-wrap{padding-right:0px;padding-left:0px;grid-template-columns:minmax(0, 1fr);}}<\/style><div class=\"kb-row-layout-wrap kb-row-layout-id_5503ad-75 alignnone wp-block-kadence-rowlayout\"><div class=\"kt-row-column-wrap kt-has-2-columns kt-row-layout-equal kt-tab-layout-inherit kt-mobile-layout-row kt-row-valign-top kb-theme-content-width\">\n<style>.kadence-column_29526f-c9 > .kt-inside-inner-col,.kadence-column_29526f-c9 > .kt-inside-inner-col:before{border-top-left-radius:0px;border-top-right-radius:0px;border-bottom-right-radius:0px;border-bottom-left-radius:0px;}.kadence-column_29526f-c9 > .kt-inside-inner-col{column-gap:var(--global-kb-gap-sm, 1rem);}.kadence-column_29526f-c9 > .kt-inside-inner-col{flex-direction:column;}.kadence-column_29526f-c9 > .kt-inside-inner-col > .aligncenter{width:100%;}.kadence-column_29526f-c9 > .kt-inside-inner-col:before{opacity:0.3;}.kadence-column_29526f-c9{position:relative;}@media all and (max-width: 1024px){.kadence-column_29526f-c9 > .kt-inside-inner-col{flex-direction:column;justify-content:center;}}@media all and (max-width: 767px){.kadence-column_29526f-c9 > .kt-inside-inner-col{flex-direction:column;justify-content:center;}}<\/style>\n<div class=\"wp-block-kadence-column kadence-column_29526f-c9 inner-column-1\"><div class=\"kt-inside-inner-col\"><p>Pure Fantasy est une boutique de commerce \u00e9lectronique haut de gamme pour adultes bas\u00e9e au Cap. Nous proposons le plus grand choix de jouets sexuels pour hommes et femmes, ainsi que des accessoires, de la lingerie, des v\u00eatements de bondage, des cadeaux pour enterrement de vie de jeune fille et tout ce dont vous aurez besoin pour une exp\u00e9rience sexy. Nous avons soigneusement s\u00e9lectionn\u00e9 certains articles et con\u00e7u des kits pour toutes les occasions comme une lune de miel ou un enterrement de vie de jeune fille ! vous pouvez toujours vous attendre \u00e0 l&#039;inattendu de nos collections.<\/p>\n\n<p>Si vous souhaitez en savoir plus sur ce que nous faisons et ce que nous faisons, n&#039;h\u00e9sitez pas \u00e0 discuter avec nous.<\/p><\/div><\/div>\n\n<style>.kadence-column_fbcad7-9f > .kt-inside-inner-col,.kadence-column_fbcad7-9f > .kt-inside-inner-col:before{border-top-left-radius:0px;border-top-right-radius:0px;border-bottom-right-radius:0px;border-bottom-left-radius:0px;}.kadence-column_fbcad7-9f > .kt-inside-inner-col{column-gap:var(--global-kb-gap-sm, 1rem);}.kadence-column_fbcad7-9f > .kt-inside-inner-col{flex-direction:column;}.kadence-column_fbcad7-9f > .kt-inside-inner-col > .aligncenter{width:100%;}.kadence-column_fbcad7-9f > .kt-inside-inner-col:before{opacity:0.3;}.kadence-column_fbcad7-9f{position:relative;}@media all and (max-width: 1024px){.kadence-column_fbcad7-9f > .kt-inside-inner-col{flex-direction:column;justify-content:center;}}@media all and (max-width: 767px){.kadence-column_fbcad7-9f > .kt-inside-inner-col{flex-direction:column;justify-content:center;}}<\/style>\n<div class=\"wp-block-kadence-column kadence-column_fbcad7-9f inner-column-2\"><div class=\"kt-inside-inner-col\"><p>Nous sommes fiers de suivre les derni\u00e8res tendances et de proposer les prix les plus bas possibles \u2013 nous \u00e9liminons les interm\u00e9diaires, ce qui vous permet d&#039;\u00e9conomiser davantage\u00a0!<\/p>\n\n<p>Nous aimons \u00e9crire \u00e0 nos clients avec de nouvelles approches fra\u00eeches de leur vie sexuelle. Notre personnel aimable et comp\u00e9tent s&#039;engage \u00e0 \u00e9duquer nos clients et \u00e0 offrir une exp\u00e9rience de magasinage amusante et d\u00e9tendue. N&#039;h\u00e9sitez pas \u00e0 discuter avec nous en utilisant le service de chat en ligne sur notre page d&#039;accueil\u00a0!<\/p><\/div><\/div>\n<\/div><\/div>\n\n<style>.wp-block-kadence-advancedbtn.kb-btns_621f7c-33{gap:var(--global-kb-gap-xs, 0.5rem );justify-content:center;align-items:center;}.kt-btns_621f7c-33 .kt-button{font-weight:normal;font-style:normal;}<\/style>\n<div class=\"wp-block-kadence-advancedbtn kb-buttons-wrap kb-btns_621f7c-33\"><style>ul.menu .wp-block-kadence-advancedbtn .kb-btn_91a409-c7.kb-button{width:initial;}.wp-block-kadence-advancedbtn .kb-btn_91a409-c7.kb-button{margin-top:40px;margin-bottom:50px;}<\/style><a class=\"kb-button kt-button button kb-btn_91a409-c7 kt-btn-size-standard kt-btn-width-type-auto kb-btn-global-inherit kt-btn-has-text-true kt-btn-has-svg-false wp-block-button__link wp-block-kadence-singlebtn\" href=\"https:\/\/purefantasysky.com\/fr\/contact\/\"><span class=\"kt-btn-inner-text\">Contactez-nous<\/span><\/a><\/div>\n\n<style>.kb-image_88ac83-a3 .kb-image-has-overlay:after{opacity:0.3;}<\/style>\n<figure class=\"wp-block-kadence-image kb-image_88ac83-a3 size-2048x2048 kb-image-is-ratio-size\"><div class=\"kb-is-ratio-image kb-image-ratio-land169\"><img loading=\"lazy\" decoding=\"async\" width=\"2048\" height=\"819\" src=\"https:\/\/purefantasysky.com\/wp-content\/uploads\/2024\/04\/WechatIMG369-2048x819.jpg\" alt=\"\" class=\"kb-img wp-image-2621\" srcset=\"https:\/\/purefantasysky.com\/wp-content\/uploads\/2024\/04\/WechatIMG369-2048x819.jpg 2048w, https:\/\/purefantasysky.com\/wp-content\/uploads\/2024\/04\/WechatIMG369-300x120.jpg 300w, https:\/\/purefantasysky.com\/wp-content\/uploads\/2024\/04\/WechatIMG369-1024x410.jpg 1024w, https:\/\/purefantasysky.com\/wp-content\/uploads\/2024\/04\/WechatIMG369-768x307.jpg 768w, https:\/\/purefantasysky.com\/wp-content\/uploads\/2024\/04\/WechatIMG369-1536x614.jpg 1536w, https:\/\/purefantasysky.com\/wp-content\/uploads\/2024\/04\/WechatIMG369-18x7.jpg 18w, https:\/\/purefantasysky.com\/wp-content\/uploads\/2024\/04\/WechatIMG369-600x240.jpg 600w\" sizes=\"auto, (max-width: 2048px) 100vw, 2048px\" \/><\/div><\/figure><\/div><\/div>\n<\/div><\/div>","protected":false},"excerpt":{"rendered":"<p>About Us Discover Pure Fantasy Pure Fantasy&nbsp;is an upscale e-commerce adult store&nbsp;based in Cape Town. We carry&nbsp;the largest&nbsp;selection of&nbsp;sex toys for men&nbsp;and&nbsp;women,&nbsp;as well as accessories, lingerie,&nbsp;bondage wear, bachelorette party favours and everything else you will need for a sexy experience. We have carefully selected certain items and designed kits for all occasions such as a&#8230;<\/p>","protected":false},"author":1,"featured_media":0,"parent":0,"menu_order":0,"comment_status":"closed","ping_status":"closed","template":"","meta":{"_kad_blocks_custom_css":"","_kad_blocks_head_custom_js":"","_kad_blocks_body_custom_js":"","_kad_blocks_footer_custom_js":"","_kad_post_transparent":"","_kad_post_title":"hide","_kad_post_layout":"fullwidth","_kad_post_sidebar_id":"","_kad_post_content_style":"unboxed","_kad_post_vertical_padding":"hide","_kad_post_feature":"hide","_kad_post_feature_position":"","_kad_post_header":false,"_kad_post_footer":false,"footnotes":""},"class_list":["post-14","page","type-page","status-publish","hentry"],"yoast_head":"<!-- This site is optimized with the Yoast SEO Premium plugin v20.5 (Yoast SEO v22.7) - https:\/\/yoast.com\/wordpress\/plugins\/seo\/ -->\n<title>About - Pure Fantasy<\/title>\n<meta name=\"robots\" content=\"index, follow, max-snippet:-1, max-image-preview:large, max-video-preview:-1\" \/>\n<link rel=\"canonical\" href=\"https:\/\/purefantasysky.com\/fr\/about\/\" \/>\n<meta property=\"og:locale\" content=\"fr_FR\" \/>\n<meta property=\"og:type\" content=\"article\" \/>\n<meta property=\"og:title\" content=\"About\" \/>\n<meta property=\"og:description\" content=\"About Us Discover Pure Fantasy Pure Fantasy&nbsp;is an upscale e-commerce adult store&nbsp;based in Cape Town. We carry&nbsp;the largest&nbsp;selection of&nbsp;sex toys for men&nbsp;and&nbsp;women,&nbsp;as well as accessories, lingerie,&nbsp;bondage wear, bachelorette party favours and everything else you will need for a sexy experience. We have carefully selected certain items and designed kits for all occasions such as a...\" \/>\n<meta property=\"og:url\" content=\"https:\/\/purefantasysky.com\/fr\/about\/\" \/>\n<meta property=\"og:site_name\" content=\"Pure Fantasy\" \/>\n<meta property=\"article:modified_time\" content=\"2024-04-20T14:22:04+00:00\" \/>\n<meta property=\"og:image\" content=\"https:\/\/purefantasysky.com\/wp-content\/uploads\/2024\/04\/WechatIMG369-2048x819.jpg\" \/>\n<meta name=\"twitter:card\" content=\"summary_large_image\" \/>\n<meta name=\"twitter:label1\" content=\"Dur\u00e9e de lecture estim\u00e9e\" \/>\n\t<meta name=\"twitter:data1\" content=\"1 minute\" \/>\n<script type=\"application\/ld+json\" class=\"yoast-schema-graph\">{\"@context\":\"https:\/\/schema.org\",\"@graph\":[{\"@type\":\"WebPage\",\"@id\":\"https:\/\/purefantasysky.com\/about\/\",\"url\":\"https:\/\/purefantasysky.com\/about\/\",\"name\":\"About - Pure Fantasy\",\"isPartOf\":{\"@id\":\"https:\/\/purefantasysky.com\/#website\"},\"primaryImageOfPage\":{\"@id\":\"https:\/\/purefantasysky.com\/about\/#primaryimage\"},\"image\":{\"@id\":\"https:\/\/purefantasysky.com\/about\/#primaryimage\"},\"thumbnailUrl\":\"https:\/\/purefantasysky.com\/wp-content\/uploads\/2024\/04\/WechatIMG369-2048x819.jpg\",\"datePublished\":\"2021-12-13T08:57:31+00:00\",\"dateModified\":\"2024-04-20T14:22:04+00:00\",\"breadcrumb\":{\"@id\":\"https:\/\/purefantasysky.com\/about\/#breadcrumb\"},\"inLanguage\":\"fr-FR\",\"potentialAction\":[{\"@type\":\"ReadAction\",\"target\":[\"https:\/\/purefantasysky.com\/about\/\"]}]},{\"@type\":\"ImageObject\",\"inLanguage\":\"fr-FR\",\"@id\":\"https:\/\/purefantasysky.com\/about\/#primaryimage\",\"url\":\"https:\/\/purefantasysky.com\/wp-content\/uploads\/2024\/04\/WechatIMG369-2048x819.jpg\",\"contentUrl\":\"https:\/\/purefantasysky.com\/wp-content\/uploads\/2024\/04\/WechatIMG369-2048x819.jpg\"},{\"@type\":\"BreadcrumbList\",\"@id\":\"https:\/\/purefantasysky.com\/about\/#breadcrumb\",\"itemListElement\":[{\"@type\":\"ListItem\",\"position\":1,\"name\":\"Home\",\"item\":\"https:\/\/purefantasysky.com\/\"},{\"@type\":\"ListItem\",\"position\":2,\"name\":\"About\"}]},{\"@type\":\"WebSite\",\"@id\":\"https:\/\/purefantasysky.com\/#website\",\"url\":\"https:\/\/purefantasysky.com\/\",\"name\":\"Pure Fantasy\",\"description\":\"Pure Fantasy\",\"publisher\":{\"@id\":\"https:\/\/purefantasysky.com\/#organization\"},\"potentialAction\":[{\"@type\":\"SearchAction\",\"target\":{\"@type\":\"EntryPoint\",\"urlTemplate\":\"https:\/\/purefantasysky.com\/?s={search_term_string}\"},\"query-input\":\"required name=search_term_string\"}],\"inLanguage\":\"fr-FR\"},{\"@type\":\"Organization\",\"@id\":\"https:\/\/purefantasysky.com\/#organization\",\"name\":\"Pure Fantasy\",\"url\":\"https:\/\/purefantasysky.com\/\",\"logo\":{\"@type\":\"ImageObject\",\"inLanguage\":\"fr-FR\",\"@id\":\"https:\/\/purefantasysky.com\/#\/schema\/logo\/image\/\",\"url\":\"https:\/\/purefantasysky.com\/wp-content\/uploads\/2024\/04\/logo221.png\",\"contentUrl\":\"https:\/\/purefantasysky.com\/wp-content\/uploads\/2024\/04\/logo221.png\",\"width\":624,\"height\":240,\"caption\":\"Pure Fantasy\"},\"image\":{\"@id\":\"https:\/\/purefantasysky.com\/#\/schema\/logo\/image\/\"}}]}<\/script>\n<!-- \/ Yoast SEO Premium plugin. -->","yoast_head_json":{"title":"About - Pure Fantasy","robots":{"index":"index","follow":"follow","max-snippet":"max-snippet:-1","max-image-preview":"max-image-preview:large","max-video-preview":"max-video-preview:-1"},"canonical":"https:\/\/purefantasysky.com\/fr\/about\/","og_locale":"fr_FR","og_type":"article","og_title":"About","og_description":"About Us Discover Pure Fantasy Pure Fantasy&nbsp;is an upscale e-commerce adult store&nbsp;based in Cape Town. We carry&nbsp;the largest&nbsp;selection of&nbsp;sex toys for men&nbsp;and&nbsp;women,&nbsp;as well as accessories, lingerie,&nbsp;bondage wear, bachelorette party favours and everything else you will need for a sexy experience. We have carefully selected certain items and designed kits for all occasions such as a...","og_url":"https:\/\/purefantasysky.com\/fr\/about\/","og_site_name":"Pure Fantasy","article_modified_time":"2024-04-20T14:22:04+00:00","og_image":[{"url":"https:\/\/purefantasysky.com\/wp-content\/uploads\/2024\/04\/WechatIMG369-2048x819.jpg"}],"twitter_card":"summary_large_image","twitter_misc":{"Dur\u00e9e de lecture estim\u00e9e":"1 minute"},"schema":{"@context":"https:\/\/schema.org","@graph":[{"@type":"WebPage","@id":"https:\/\/purefantasysky.com\/about\/","url":"https:\/\/purefantasysky.com\/about\/","name":"About - Pure Fantasy","isPartOf":{"@id":"https:\/\/purefantasysky.com\/#website"},"primaryImageOfPage":{"@id":"https:\/\/purefantasysky.com\/about\/#primaryimage"},"image":{"@id":"https:\/\/purefantasysky.com\/about\/#primaryimage"},"thumbnailUrl":"https:\/\/purefantasysky.com\/wp-content\/uploads\/2024\/04\/WechatIMG369-2048x819.jpg","datePublished":"2021-12-13T08:57:31+00:00","dateModified":"2024-04-20T14:22:04+00:00","breadcrumb":{"@id":"https:\/\/purefantasysky.com\/about\/#breadcrumb"},"inLanguage":"fr-FR","potentialAction":[{"@type":"ReadAction","target":["https:\/\/purefantasysky.com\/about\/"]}]},{"@type":"ImageObject","inLanguage":"fr-FR","@id":"https:\/\/purefantasysky.com\/about\/#primaryimage","url":"https:\/\/purefantasysky.com\/wp-content\/uploads\/2024\/04\/WechatIMG369-2048x819.jpg","contentUrl":"https:\/\/purefantasysky.com\/wp-content\/uploads\/2024\/04\/WechatIMG369-2048x819.jpg"},{"@type":"BreadcrumbList","@id":"https:\/\/purefantasysky.com\/about\/#breadcrumb","itemListElement":[{"@type":"ListItem","position":1,"name":"Home","item":"https:\/\/purefantasysky.com\/"},{"@type":"ListItem","position":2,"name":"About"}]},{"@type":"WebSite","@id":"https:\/\/purefantasysky.com\/#website","url":"https:\/\/purefantasysky.com\/","name":"Pure Fantasy","description":"Pure Fantasy","publisher":{"@id":"https:\/\/purefantasysky.com\/#organization"},"potentialAction":[{"@type":"SearchAction","target":{"@type":"EntryPoint","urlTemplate":"https:\/\/purefantasysky.com\/?s={search_term_string}"},"query-input":"required name=search_term_string"}],"inLanguage":"fr-FR"},{"@type":"Organization","@id":"https:\/\/purefantasysky.com\/#organization","name":"Pure Fantasy","url":"https:\/\/purefantasysky.com\/","logo":{"@type":"ImageObject","inLanguage":"fr-FR","@id":"https:\/\/purefantasysky.com\/#\/schema\/logo\/image\/","url":"https:\/\/purefantasysky.com\/wp-content\/uploads\/2024\/04\/logo221.png","contentUrl":"https:\/\/purefantasysky.com\/wp-content\/uploads\/2024\/04\/logo221.png","width":624,"height":240,"caption":"Pure Fantasy"},"image":{"@id":"https:\/\/purefantasysky.com\/#\/schema\/logo\/image\/"}}]}},"featured_image_src_large":false,"author_info":{"display_name":"admin","author_link":"https:\/\/purefantasysky.com\/fr\/author\/admin\/"},"comment_info":0,"taxonomy_info":[],"_links":{"self":[{"href":"https:\/\/purefantasysky.com\/fr\/wp-json\/wp\/v2\/pages\/14","targetHints":{"allow":["GET"]}}],"collection":[{"href":"https:\/\/purefantasysky.com\/fr\/wp-json\/wp\/v2\/pages"}],"about":[{"href":"https:\/\/purefantasysky.com\/fr\/wp-json\/wp\/v2\/types\/page"}],"author":[{"embeddable":true,"href":"https:\/\/purefantasysky.com\/fr\/wp-json\/wp\/v2\/users\/1"}],"replies":[{"embeddable":true,"href":"https:\/\/purefantasysky.com\/fr\/wp-json\/wp\/v2\/comments?post=14"}],"version-history":[{"count":13,"href":"https:\/\/purefantasysky.com\/fr\/wp-json\/wp\/v2\/pages\/14\/revisions"}],"predecessor-version":[{"id":2637,"href":"https:\/\/purefantasysky.com\/fr\/wp-json\/wp\/v2\/pages\/14\/revisions\/2637"}],"wp:attachment":[{"href":"https:\/\/purefantasysky.com\/fr\/wp-json\/wp\/v2\/media?parent=14"}],"curies":[{"name":"wp","href":"https:\/\/api.w.org\/{rel}","templated":true}]}}