{"id":1718,"date":"2023-05-29T11:05:48","date_gmt":"2023-05-29T11:05:48","guid":{"rendered":"https:\/\/purefantasysky.com\/?page_id=1718"},"modified":"2023-05-29T11:05:51","modified_gmt":"2023-05-29T11:05:51","slug":"shipping-policy","status":"publish","type":"page","link":"https:\/\/purefantasysky.com\/fr\/shipping-policy\/","title":{"rendered":"Politique d&#039;exp\u00e9dition"},"content":{"rendered":"<h1 class=\"wp-block-heading\" id=\"h-shipping-policy\">Politique d&#039;exp\u00e9dition<\/h1><p>Nous savons \u00e0 quel point nos clients sont enthousiastes \u00e0 l&#039;id\u00e9e de recevoir leurs nouveaux produits, c&#039;est pourquoi toutes les commandes sont emball\u00e9es et exp\u00e9di\u00e9es sous 2 jours ouvrables. Le d\u00e9lai de livraison estim\u00e9 et le transporteur varient selon la destination.<\/p><h2 class=\"wp-block-heading\" id=\"h-shipping-time\">Temps d&#039;exp\u00e9dition<\/h2><p>Les acheteurs sont responsables des droits, taxes et frais d&#039;avancement locaux \u00e0 la livraison dans les pays o\u00f9 ils sont applicables.<\/p><p>Nous ne sommes pas responsables des colis perdus, vol\u00e9s, alt\u00e9r\u00e9s ou retard\u00e9s par le transporteur.<\/p><h4 class=\"wp-block-heading\" id=\"h-north-america\"><strong><strong>Am\u00e9rique du Nord<\/strong><\/strong><\/h4><p>Environ 7 \u00e0 15 jours ouvrables.<br>Nous acceptons les commandes \u00e0 tout moment \u2013 24 heures sur 24, 7 jours sur 7. Les commandes pass\u00e9es sur cocodolls.com seront trait\u00e9es et exp\u00e9di\u00e9es dans un d\u00e9lai de 2 jours ouvr\u00e9s. Les commandes pass\u00e9es apr\u00e8s 13 h HNE seront trait\u00e9es le jour ouvrable suivant. Toutes les commandes pass\u00e9es le samedi et le dimanche seront trait\u00e9es le jour ouvrable suivant<\/p><h4 class=\"wp-block-heading\" id=\"h-europe-uk\"><strong>Europe et Royaume-Uni<\/strong><\/h4><p>Environ 10 \u00e0 20 jours ouvrables.<\/p><h4 class=\"wp-block-heading\" id=\"h-asia-pacific\"><strong><strong>Asie-Pacifique<\/strong><\/strong><\/h4><p>Environ 7 \u00e0 15 jours ouvrables.<\/p><h4 class=\"wp-block-heading\" id=\"h-latin-america\"><strong><strong>l&#039;Am\u00e9rique latine<\/strong><\/strong><\/h4><p>Environ 10 \u00e0 20 jours ouvrables.<\/p><p>Toutes les options ne sont pas disponibles dans tous les pays. Les co\u00fbts et la livraison gratuite varient selon les pays, veuillez v\u00e9rifier dans le panier\u00a0! Les acheteurs sont responsables des droits, taxes et frais d&#039;avancement locaux \u00e0 la livraison dans les pays o\u00f9 ils sont applicables.<\/p><h2 class=\"wp-block-heading\">Exp\u00e9dition de vacances<\/h2><p>Nous voulions vous informer que l&#039;exp\u00e9dition de votre commande et le traitement des retours pourraient nous prendre un peu plus de temps que d&#039;habitude.<\/p><h2>Contactez-nous<\/h2>\n<p><!-- \/wp:post-content --><\/p>\n<p><!-- wp:paragraph --><\/p>\n<p>Si vous avez des questions sur ces conditions, veuillez&nbsp;<a href=\"https:\/\/h-crystal.com\/contact\">Contactez-nous<\/a>.<\/p>\n<p><\/p>\n<p><!-- \/wp:paragraph --><\/p>","protected":false},"excerpt":{"rendered":"<p>Politique de livraison Nous savons combien nos clients sont impatients de recevoir leurs nouveaux produits. C&#039;est pourquoi toutes les commandes sont emball\u00e9es et exp\u00e9di\u00e9es sous 2 jours ouvr\u00e9s. Le d\u00e9lai de livraison estim\u00e9 et le transporteur varient selon la destination. D\u00e9lai de livraison\u00a0: Les acheteurs sont responsables des droits de douane, taxes et frais d&#039;avance locaux \u00e0 la livraison dans les pays o\u00f9 ils sont applicables. Nous ne sommes pas responsables\u2026<\/p>","protected":false},"author":1,"featured_media":0,"parent":0,"menu_order":0,"comment_status":"closed","ping_status":"closed","template":"","meta":{"_kad_blocks_custom_css":"","_kad_blocks_head_custom_js":"","_kad_blocks_body_custom_js":"","_kad_blocks_footer_custom_js":"","_kad_post_transparent":"","_kad_post_title":"","_kad_post_layout":"","_kad_post_sidebar_id":"","_kad_post_content_style":"","_kad_post_vertical_padding":"","_kad_post_feature":"","_kad_post_feature_position":"","_kad_post_header":false,"_kad_post_footer":false,"footnotes":""},"class_list":["post-1718","page","type-page","status-publish","hentry"],"yoast_head":"<!-- This site is optimized with the Yoast SEO Premium plugin v20.5 (Yoast SEO v22.7) - https:\/\/yoast.com\/wordpress\/plugins\/seo\/ -->\n<title>Shipping Policy - Pure Fantasy<\/title>\n<meta name=\"robots\" content=\"index, follow, max-snippet:-1, max-image-preview:large, max-video-preview:-1\" \/>\n<link rel=\"canonical\" href=\"https:\/\/purefantasysky.com\/fr\/shipping-policy\/\" \/>\n<meta property=\"og:locale\" content=\"fr_FR\" \/>\n<meta property=\"og:type\" content=\"article\" \/>\n<meta property=\"og:title\" content=\"Shipping Policy\" \/>\n<meta property=\"og:description\" content=\"Shipping Policy We know how excited our customers are to receive their new products, so all orders are packaged and shipped within 2 business day. Estimated delivery time and carrier varies by destination. Shipping Time Buyers are responsible for local duties, taxes and advancement fees at delivery in countries where applicable We are not responsible...\" \/>\n<meta property=\"og:url\" content=\"https:\/\/purefantasysky.com\/fr\/shipping-policy\/\" \/>\n<meta property=\"og:site_name\" content=\"Pure Fantasy\" \/>\n<meta property=\"article:modified_time\" content=\"2023-05-29T11:05:51+00:00\" \/>\n<meta name=\"twitter:card\" content=\"summary_large_image\" \/>\n<meta name=\"twitter:label1\" content=\"Dur\u00e9e de lecture estim\u00e9e\" \/>\n\t<meta name=\"twitter:data1\" content=\"1 minute\" \/>\n<script type=\"application\/ld+json\" class=\"yoast-schema-graph\">{\"@context\":\"https:\/\/schema.org\",\"@graph\":[{\"@type\":\"WebPage\",\"@id\":\"https:\/\/purefantasysky.com\/shipping-policy\/\",\"url\":\"https:\/\/purefantasysky.com\/shipping-policy\/\",\"name\":\"Shipping Policy - Pure Fantasy\",\"isPartOf\":{\"@id\":\"https:\/\/purefantasysky.com\/#website\"},\"datePublished\":\"2023-05-29T11:05:48+00:00\",\"dateModified\":\"2023-05-29T11:05:51+00:00\",\"breadcrumb\":{\"@id\":\"https:\/\/purefantasysky.com\/shipping-policy\/#breadcrumb\"},\"inLanguage\":\"fr-FR\",\"potentialAction\":[{\"@type\":\"ReadAction\",\"target\":[\"https:\/\/purefantasysky.com\/shipping-policy\/\"]}]},{\"@type\":\"BreadcrumbList\",\"@id\":\"https:\/\/purefantasysky.com\/shipping-policy\/#breadcrumb\",\"itemListElement\":[{\"@type\":\"ListItem\",\"position\":1,\"name\":\"Home\",\"item\":\"https:\/\/purefantasysky.com\/\"},{\"@type\":\"ListItem\",\"position\":2,\"name\":\"Shipping Policy\"}]},{\"@type\":\"WebSite\",\"@id\":\"https:\/\/purefantasysky.com\/#website\",\"url\":\"https:\/\/purefantasysky.com\/\",\"name\":\"Pure Fantasy\",\"description\":\"Pure Fantasy\",\"publisher\":{\"@id\":\"https:\/\/purefantasysky.com\/#organization\"},\"potentialAction\":[{\"@type\":\"SearchAction\",\"target\":{\"@type\":\"EntryPoint\",\"urlTemplate\":\"https:\/\/purefantasysky.com\/?s={search_term_string}\"},\"query-input\":\"required name=search_term_string\"}],\"inLanguage\":\"fr-FR\"},{\"@type\":\"Organization\",\"@id\":\"https:\/\/purefantasysky.com\/#organization\",\"name\":\"Pure Fantasy\",\"url\":\"https:\/\/purefantasysky.com\/\",\"logo\":{\"@type\":\"ImageObject\",\"inLanguage\":\"fr-FR\",\"@id\":\"https:\/\/purefantasysky.com\/#\/schema\/logo\/image\/\",\"url\":\"https:\/\/purefantasysky.com\/wp-content\/uploads\/2024\/04\/logo221.png\",\"contentUrl\":\"https:\/\/purefantasysky.com\/wp-content\/uploads\/2024\/04\/logo221.png\",\"width\":624,\"height\":240,\"caption\":\"Pure Fantasy\"},\"image\":{\"@id\":\"https:\/\/purefantasysky.com\/#\/schema\/logo\/image\/\"}}]}<\/script>\n<!-- \/ Yoast SEO Premium plugin. -->","yoast_head_json":{"title":"Shipping Policy - Pure Fantasy","robots":{"index":"index","follow":"follow","max-snippet":"max-snippet:-1","max-image-preview":"max-image-preview:large","max-video-preview":"max-video-preview:-1"},"canonical":"https:\/\/purefantasysky.com\/fr\/shipping-policy\/","og_locale":"fr_FR","og_type":"article","og_title":"Shipping Policy","og_description":"Shipping Policy We know how excited our customers are to receive their new products, so all orders are packaged and shipped within 2 business day. Estimated delivery time and carrier varies by destination. Shipping Time Buyers are responsible for local duties, taxes and advancement fees at delivery in countries where applicable We are not responsible...","og_url":"https:\/\/purefantasysky.com\/fr\/shipping-policy\/","og_site_name":"Pure Fantasy","article_modified_time":"2023-05-29T11:05:51+00:00","twitter_card":"summary_large_image","twitter_misc":{"Dur\u00e9e de lecture estim\u00e9e":"1 minute"},"schema":{"@context":"https:\/\/schema.org","@graph":[{"@type":"WebPage","@id":"https:\/\/purefantasysky.com\/shipping-policy\/","url":"https:\/\/purefantasysky.com\/shipping-policy\/","name":"Shipping Policy - Pure Fantasy","isPartOf":{"@id":"https:\/\/purefantasysky.com\/#website"},"datePublished":"2023-05-29T11:05:48+00:00","dateModified":"2023-05-29T11:05:51+00:00","breadcrumb":{"@id":"https:\/\/purefantasysky.com\/shipping-policy\/#breadcrumb"},"inLanguage":"fr-FR","potentialAction":[{"@type":"ReadAction","target":["https:\/\/purefantasysky.com\/shipping-policy\/"]}]},{"@type":"BreadcrumbList","@id":"https:\/\/purefantasysky.com\/shipping-policy\/#breadcrumb","itemListElement":[{"@type":"ListItem","position":1,"name":"Home","item":"https:\/\/purefantasysky.com\/"},{"@type":"ListItem","position":2,"name":"Shipping Policy"}]},{"@type":"WebSite","@id":"https:\/\/purefantasysky.com\/#website","url":"https:\/\/purefantasysky.com\/","name":"Pure Fantasy","description":"Pure Fantasy","publisher":{"@id":"https:\/\/purefantasysky.com\/#organization"},"potentialAction":[{"@type":"SearchAction","target":{"@type":"EntryPoint","urlTemplate":"https:\/\/purefantasysky.com\/?s={search_term_string}"},"query-input":"required name=search_term_string"}],"inLanguage":"fr-FR"},{"@type":"Organization","@id":"https:\/\/purefantasysky.com\/#organization","name":"Pure Fantasy","url":"https:\/\/purefantasysky.com\/","logo":{"@type":"ImageObject","inLanguage":"fr-FR","@id":"https:\/\/purefantasysky.com\/#\/schema\/logo\/image\/","url":"https:\/\/purefantasysky.com\/wp-content\/uploads\/2024\/04\/logo221.png","contentUrl":"https:\/\/purefantasysky.com\/wp-content\/uploads\/2024\/04\/logo221.png","width":624,"height":240,"caption":"Pure Fantasy"},"image":{"@id":"https:\/\/purefantasysky.com\/#\/schema\/logo\/image\/"}}]}},"featured_image_src_large":false,"author_info":{"display_name":"admin","author_link":"https:\/\/purefantasysky.com\/fr\/author\/admin\/"},"comment_info":0,"taxonomy_info":[],"_links":{"self":[{"href":"https:\/\/purefantasysky.com\/fr\/wp-json\/wp\/v2\/pages\/1718","targetHints":{"allow":["GET"]}}],"collection":[{"href":"https:\/\/purefantasysky.com\/fr\/wp-json\/wp\/v2\/pages"}],"about":[{"href":"https:\/\/purefantasysky.com\/fr\/wp-json\/wp\/v2\/types\/page"}],"author":[{"embeddable":true,"href":"https:\/\/purefantasysky.com\/fr\/wp-json\/wp\/v2\/users\/1"}],"replies":[{"embeddable":true,"href":"https:\/\/purefantasysky.com\/fr\/wp-json\/wp\/v2\/comments?post=1718"}],"version-history":[{"count":1,"href":"https:\/\/purefantasysky.com\/fr\/wp-json\/wp\/v2\/pages\/1718\/revisions"}],"predecessor-version":[{"id":1725,"href":"https:\/\/purefantasysky.com\/fr\/wp-json\/wp\/v2\/pages\/1718\/revisions\/1725"}],"wp:attachment":[{"href":"https:\/\/purefantasysky.com\/fr\/wp-json\/wp\/v2\/media?parent=1718"}],"curies":[{"name":"wp","href":"https:\/\/api.w.org\/{rel}","templated":true}]}}