{"id":1719,"date":"2023-05-29T11:07:19","date_gmt":"2023-05-29T11:07:19","guid":{"rendered":"https:\/\/purefantasysky.com\/?page_id=1719"},"modified":"2023-05-29T11:07:21","modified_gmt":"2023-05-29T11:07:21","slug":"terms-of-service","status":"publish","type":"page","link":"https:\/\/purefantasysky.com\/fr\/terms-of-service\/","title":{"rendered":"Conditions d&#039;utilisation"},"content":{"rendered":"<h1 class=\"wp-block-heading\" id=\"h-terms-of-service\">Conditions d&#039;utilisation<\/h1><p>Veuillez lire attentivement ces conditions d&#039;utilisation (\u00ab Conditions \u00bb, \u00ab Conditions d&#039;utilisation \u00bb) avant d&#039;utiliser le site Web https:\/\/Cocodolls.com (le \u00ab Service \u00bb) exploit\u00e9 par Cocodolls (\u00ab nous \u00bb, \u00ab notre \u00bb ou \u00ab notre \u00bb).<\/p><p>Votre acc\u00e8s et votre utilisation du Service sont conditionn\u00e9s \u00e0 votre acceptation et \u00e0 votre respect des pr\u00e9sentes Conditions. Ces Conditions s&#039;appliquent \u00e0 tous les visiteurs, utilisateurs et autres personnes qui acc\u00e8dent ou utilisent le Service.<\/p><p>En acc\u00e9dant ou en utilisant le Service, vous acceptez d&#039;\u00eatre li\u00e9 par ces Conditions. Si vous n&#039;\u00eates pas d&#039;accord avec une partie des conditions, vous ne pouvez pas acc\u00e9der au Service.<\/p><h2 class=\"wp-block-heading\" id=\"h-accounts\">Comptes<\/h2><p>Lorsque vous cr\u00e9ez un compte chez nous, vous devez nous fournir des informations exactes, compl\u00e8tes et \u00e0 jour \u00e0 tout moment. Ne pas le faire constitue une violation des Conditions, pouvant entra\u00eener la r\u00e9siliation imm\u00e9diate de votre compte sur notre Service.<\/p><p>Vous \u00eates responsable de la protection du mot de passe que vous utilisez pour acc\u00e9der au Service et de toute activit\u00e9 ou action sous votre mot de passe, que votre mot de passe soit celui de notre Service ou d&#039;un service tiers.<\/p><p>Vous vous engagez \u00e0 ne divulguer votre mot de passe \u00e0 aucun tiers. Vous devez nous informer imm\u00e9diatement d\u00e8s que vous avez connaissance de toute violation de s\u00e9curit\u00e9 ou utilisation non autoris\u00e9e de votre compte.<\/p><h2 class=\"wp-block-heading\" id=\"h-intellectual-property\">Propri\u00e9t\u00e9 intellectuelle<\/h2><p>Le Service et son contenu original, ses caract\u00e9ristiques et fonctionnalit\u00e9s sont et resteront la propri\u00e9t\u00e9 exclusive de Cocodolls et de ses conc\u00e9dants de licence.<\/p><h2 class=\"wp-block-heading\" id=\"h-links-to-other-web-sites\">Liens vers d&#039;autres sites Web<\/h2><p>Notre Service peut contenir des liens vers des sites Web ou des services tiers qui n&#039;appartiennent pas ou ne sont pas contr\u00f4l\u00e9s par Cocodolls.<\/p><p>Cocodolls n&#039;a aucun contr\u00f4le et n&#039;assume aucune responsabilit\u00e9 quant au contenu, aux politiques de confidentialit\u00e9 ou aux pratiques de tout site Web ou service tiers. Vous reconnaissez et acceptez en outre que Cocodolls ne sera pas responsable, directement ou indirectement, de tout dommage ou perte caus\u00e9 ou pr\u00e9tendument caus\u00e9 par ou en relation avec l&#039;utilisation ou la confiance accord\u00e9e \u00e0 un tel contenu, biens ou services disponibles sur ou via de tels sites Web ou services.<\/p><p>Nous vous conseillons fortement de lire les termes et conditions et les politiques de confidentialit\u00e9 de tout site Web ou service tiers que vous visitez.<\/p><h2 class=\"wp-block-heading\" id=\"h-termination\">R\u00e9siliation<\/h2><p>Nous pouvons r\u00e9silier ou suspendre votre compte imm\u00e9diatement, sans pr\u00e9avis ni responsabilit\u00e9, pour quelque raison que ce soit, y compris, sans limitation, si vous ne respectez pas les Conditions.<\/p><p>En cas de r\u00e9siliation, votre droit d&#039;utiliser le Service cessera imm\u00e9diatement. Si vous souhaitez r\u00e9silier votre compte, vous pouvez simplement cesser d&#039;utiliser le Service.<\/p><p>Toutes les dispositions des Conditions qui, de par leur nature, devraient survivre \u00e0 la r\u00e9siliation survivront \u00e0 la r\u00e9siliation, y compris, sans limitation, les dispositions sur la propri\u00e9t\u00e9, les exclusions de garantie, l&#039;indemnisation et les limitations de responsabilit\u00e9.<\/p><h2 class=\"wp-block-heading\" id=\"h-disclaimer\">Clause de non-responsabilit\u00e9<\/h2><p>Votre utilisation du Service est \u00e0 vos seuls risques. Le Service est fourni \u00ab TEL QUEL \u00bb et \u00ab SELON LA DISPONIBILIT\u00c9 \u00bb. Le Service est fourni sans garantie d&#039;aucune sorte, expresse ou implicite, y compris, mais sans s&#039;y limiter, les garanties implicites de qualit\u00e9 marchande, d&#039;ad\u00e9quation \u00e0 un usage particulier, de non-contrefa\u00e7on ou de d\u00e9roulement des performances.<\/p><h2 class=\"wp-block-heading\" id=\"h-governing-law\">Loi applicable<\/h2><p>Les pr\u00e9sentes Conditions seront r\u00e9gies et interpr\u00e9t\u00e9es conform\u00e9ment aux lois de la Chine, sans \u00e9gard \u00e0 ses dispositions en mati\u00e8re de conflits de lois.<\/p><p>Notre incapacit\u00e9 \u00e0 faire respecter un droit ou une disposition des pr\u00e9sentes Conditions ne sera pas consid\u00e9r\u00e9e comme une renonciation \u00e0 ces droits. Si une disposition des pr\u00e9sentes Conditions est jug\u00e9e invalide ou inapplicable par un tribunal, les autres dispositions des pr\u00e9sentes Conditions resteront en vigueur. Ces Conditions constituent l&#039;int\u00e9gralit\u00e9 de l&#039;accord entre nous concernant notre Service, et remplacent tout accord ant\u00e9rieur que nous pourrions avoir entre nous concernant le Service.<\/p><h2 class=\"wp-block-heading\" id=\"h-changes\">Changements<\/h2><p>Nous nous r\u00e9servons le droit, \u00e0 notre seule discr\u00e9tion, de modifier ou de remplacer ces Conditions \u00e0 tout moment. Si une r\u00e9vision est importante, nous essaierons de fournir un pr\u00e9avis d&#039;au moins 30 jours avant que les nouvelles conditions n&#039;entrent en vigueur. Ce qui constitue un changement important sera d\u00e9termin\u00e9 \u00e0 notre seule discr\u00e9tion.<\/p><p>En continuant \u00e0 acc\u00e9der ou \u00e0 utiliser notre service apr\u00e8s l&#039;entr\u00e9e en vigueur de ces r\u00e9visions, vous acceptez d&#039;\u00eatre li\u00e9 par les conditions r\u00e9vis\u00e9es. Si vous n&#039;acceptez pas les nouvelles conditions, veuillez cesser d&#039;utiliser le Service.<\/p><h2 class=\"wp-block-heading\" id=\"h-contact-us\">Contactez-nous<\/h2><p>Si vous avez des questions sur ces conditions, veuillez&nbsp;<a href=\"https:\/\/h-crystal.com\/contact\">Contactez-nous<\/a>.<\/p><p><\/p>","protected":false},"excerpt":{"rendered":"<p>Conditions d&#039;utilisation. Veuillez lire attentivement les pr\u00e9sentes Conditions d&#039;utilisation (\u00ab\u00a0Conditions\u00a0\u00bb, \u00ab\u00a0Conditions d&#039;utilisation\u00a0\u00bb) avant d&#039;utiliser le site web https:\/\/Cocodolls.com (le \u00ab\u00a0Service\u00a0\u00bb) exploit\u00e9 par Cocodolls (\u00ab\u00a0nous\u00a0\u00bb, \u00ab\u00a0notre\u00a0\u00bb ou \u00ab\u00a0nos\u00a0\u00bb). Votre acc\u00e8s au Service et son utilisation sont conditionn\u00e9s par votre acceptation et votre respect des pr\u00e9sentes Conditions. Ces Conditions s&#039;appliquent \u00e0 tous les visiteurs, utilisateurs et\u2026<\/p>","protected":false},"author":1,"featured_media":0,"parent":0,"menu_order":0,"comment_status":"closed","ping_status":"closed","template":"","meta":{"_kad_blocks_custom_css":"","_kad_blocks_head_custom_js":"","_kad_blocks_body_custom_js":"","_kad_blocks_footer_custom_js":"","_kad_post_transparent":"","_kad_post_title":"","_kad_post_layout":"","_kad_post_sidebar_id":"","_kad_post_content_style":"","_kad_post_vertical_padding":"","_kad_post_feature":"","_kad_post_feature_position":"","_kad_post_header":false,"_kad_post_footer":false,"footnotes":""},"class_list":["post-1719","page","type-page","status-publish","hentry"],"yoast_head":"<!-- This site is optimized with the Yoast SEO Premium plugin v20.5 (Yoast SEO v22.7) - https:\/\/yoast.com\/wordpress\/plugins\/seo\/ -->\n<title>Terms of Service - Pure Fantasy<\/title>\n<meta name=\"robots\" content=\"index, follow, max-snippet:-1, max-image-preview:large, max-video-preview:-1\" \/>\n<link rel=\"canonical\" href=\"https:\/\/purefantasysky.com\/fr\/terms-of-service\/\" \/>\n<meta property=\"og:locale\" content=\"fr_FR\" \/>\n<meta property=\"og:type\" content=\"article\" \/>\n<meta property=\"og:title\" content=\"Terms of Service\" \/>\n<meta property=\"og:description\" content=\"Terms of Service Please read these Terms of Use (\u201cTerms\u201d, \u201cTerms of Use\u201d) carefully before using the https:\/\/Cocodolls.com website (the \u201cService\u201d) operated by Cocodolls (\u201cus\u201d, \u201cwe\u201d, or \u201cour\u201d). Your access to and use of the Service is conditioned on your acceptance of and compliance with these Terms. These Terms apply to all visitors, users and...\" \/>\n<meta property=\"og:url\" content=\"https:\/\/purefantasysky.com\/fr\/terms-of-service\/\" \/>\n<meta property=\"og:site_name\" content=\"Pure Fantasy\" \/>\n<meta property=\"article:modified_time\" content=\"2023-05-29T11:07:21+00:00\" \/>\n<meta name=\"twitter:card\" content=\"summary_large_image\" \/>\n<meta name=\"twitter:label1\" content=\"Dur\u00e9e de lecture estim\u00e9e\" \/>\n\t<meta name=\"twitter:data1\" content=\"3 minutes\" \/>\n<script type=\"application\/ld+json\" class=\"yoast-schema-graph\">{\"@context\":\"https:\/\/schema.org\",\"@graph\":[{\"@type\":\"WebPage\",\"@id\":\"https:\/\/purefantasysky.com\/terms-of-service\/\",\"url\":\"https:\/\/purefantasysky.com\/terms-of-service\/\",\"name\":\"Terms of Service - Pure Fantasy\",\"isPartOf\":{\"@id\":\"https:\/\/purefantasysky.com\/#website\"},\"datePublished\":\"2023-05-29T11:07:19+00:00\",\"dateModified\":\"2023-05-29T11:07:21+00:00\",\"breadcrumb\":{\"@id\":\"https:\/\/purefantasysky.com\/terms-of-service\/#breadcrumb\"},\"inLanguage\":\"fr-FR\",\"potentialAction\":[{\"@type\":\"ReadAction\",\"target\":[\"https:\/\/purefantasysky.com\/terms-of-service\/\"]}]},{\"@type\":\"BreadcrumbList\",\"@id\":\"https:\/\/purefantasysky.com\/terms-of-service\/#breadcrumb\",\"itemListElement\":[{\"@type\":\"ListItem\",\"position\":1,\"name\":\"Home\",\"item\":\"https:\/\/purefantasysky.com\/\"},{\"@type\":\"ListItem\",\"position\":2,\"name\":\"Terms of Service\"}]},{\"@type\":\"WebSite\",\"@id\":\"https:\/\/purefantasysky.com\/#website\",\"url\":\"https:\/\/purefantasysky.com\/\",\"name\":\"Pure Fantasy\",\"description\":\"Pure Fantasy\",\"publisher\":{\"@id\":\"https:\/\/purefantasysky.com\/#organization\"},\"potentialAction\":[{\"@type\":\"SearchAction\",\"target\":{\"@type\":\"EntryPoint\",\"urlTemplate\":\"https:\/\/purefantasysky.com\/?s={search_term_string}\"},\"query-input\":\"required name=search_term_string\"}],\"inLanguage\":\"fr-FR\"},{\"@type\":\"Organization\",\"@id\":\"https:\/\/purefantasysky.com\/#organization\",\"name\":\"Pure Fantasy\",\"url\":\"https:\/\/purefantasysky.com\/\",\"logo\":{\"@type\":\"ImageObject\",\"inLanguage\":\"fr-FR\",\"@id\":\"https:\/\/purefantasysky.com\/#\/schema\/logo\/image\/\",\"url\":\"https:\/\/purefantasysky.com\/wp-content\/uploads\/2024\/04\/logo221.png\",\"contentUrl\":\"https:\/\/purefantasysky.com\/wp-content\/uploads\/2024\/04\/logo221.png\",\"width\":624,\"height\":240,\"caption\":\"Pure Fantasy\"},\"image\":{\"@id\":\"https:\/\/purefantasysky.com\/#\/schema\/logo\/image\/\"}}]}<\/script>\n<!-- \/ Yoast SEO Premium plugin. -->","yoast_head_json":{"title":"Terms of Service - Pure Fantasy","robots":{"index":"index","follow":"follow","max-snippet":"max-snippet:-1","max-image-preview":"max-image-preview:large","max-video-preview":"max-video-preview:-1"},"canonical":"https:\/\/purefantasysky.com\/fr\/terms-of-service\/","og_locale":"fr_FR","og_type":"article","og_title":"Terms of Service","og_description":"Terms of Service Please read these Terms of Use (\u201cTerms\u201d, \u201cTerms of Use\u201d) carefully before using the https:\/\/Cocodolls.com website (the \u201cService\u201d) operated by Cocodolls (\u201cus\u201d, \u201cwe\u201d, or \u201cour\u201d). Your access to and use of the Service is conditioned on your acceptance of and compliance with these Terms. These Terms apply to all visitors, users and...","og_url":"https:\/\/purefantasysky.com\/fr\/terms-of-service\/","og_site_name":"Pure Fantasy","article_modified_time":"2023-05-29T11:07:21+00:00","twitter_card":"summary_large_image","twitter_misc":{"Dur\u00e9e de lecture estim\u00e9e":"3 minutes"},"schema":{"@context":"https:\/\/schema.org","@graph":[{"@type":"WebPage","@id":"https:\/\/purefantasysky.com\/terms-of-service\/","url":"https:\/\/purefantasysky.com\/terms-of-service\/","name":"Terms of Service - Pure Fantasy","isPartOf":{"@id":"https:\/\/purefantasysky.com\/#website"},"datePublished":"2023-05-29T11:07:19+00:00","dateModified":"2023-05-29T11:07:21+00:00","breadcrumb":{"@id":"https:\/\/purefantasysky.com\/terms-of-service\/#breadcrumb"},"inLanguage":"fr-FR","potentialAction":[{"@type":"ReadAction","target":["https:\/\/purefantasysky.com\/terms-of-service\/"]}]},{"@type":"BreadcrumbList","@id":"https:\/\/purefantasysky.com\/terms-of-service\/#breadcrumb","itemListElement":[{"@type":"ListItem","position":1,"name":"Home","item":"https:\/\/purefantasysky.com\/"},{"@type":"ListItem","position":2,"name":"Terms of Service"}]},{"@type":"WebSite","@id":"https:\/\/purefantasysky.com\/#website","url":"https:\/\/purefantasysky.com\/","name":"Pure Fantasy","description":"Pure Fantasy","publisher":{"@id":"https:\/\/purefantasysky.com\/#organization"},"potentialAction":[{"@type":"SearchAction","target":{"@type":"EntryPoint","urlTemplate":"https:\/\/purefantasysky.com\/?s={search_term_string}"},"query-input":"required name=search_term_string"}],"inLanguage":"fr-FR"},{"@type":"Organization","@id":"https:\/\/purefantasysky.com\/#organization","name":"Pure Fantasy","url":"https:\/\/purefantasysky.com\/","logo":{"@type":"ImageObject","inLanguage":"fr-FR","@id":"https:\/\/purefantasysky.com\/#\/schema\/logo\/image\/","url":"https:\/\/purefantasysky.com\/wp-content\/uploads\/2024\/04\/logo221.png","contentUrl":"https:\/\/purefantasysky.com\/wp-content\/uploads\/2024\/04\/logo221.png","width":624,"height":240,"caption":"Pure Fantasy"},"image":{"@id":"https:\/\/purefantasysky.com\/#\/schema\/logo\/image\/"}}]}},"featured_image_src_large":false,"author_info":{"display_name":"admin","author_link":"https:\/\/purefantasysky.com\/fr\/author\/admin\/"},"comment_info":0,"taxonomy_info":[],"_links":{"self":[{"href":"https:\/\/purefantasysky.com\/fr\/wp-json\/wp\/v2\/pages\/1719","targetHints":{"allow":["GET"]}}],"collection":[{"href":"https:\/\/purefantasysky.com\/fr\/wp-json\/wp\/v2\/pages"}],"about":[{"href":"https:\/\/purefantasysky.com\/fr\/wp-json\/wp\/v2\/types\/page"}],"author":[{"embeddable":true,"href":"https:\/\/purefantasysky.com\/fr\/wp-json\/wp\/v2\/users\/1"}],"replies":[{"embeddable":true,"href":"https:\/\/purefantasysky.com\/fr\/wp-json\/wp\/v2\/comments?post=1719"}],"version-history":[{"count":1,"href":"https:\/\/purefantasysky.com\/fr\/wp-json\/wp\/v2\/pages\/1719\/revisions"}],"predecessor-version":[{"id":1726,"href":"https:\/\/purefantasysky.com\/fr\/wp-json\/wp\/v2\/pages\/1719\/revisions\/1726"}],"wp:attachment":[{"href":"https:\/\/purefantasysky.com\/fr\/wp-json\/wp\/v2\/media?parent=1719"}],"curies":[{"name":"wp","href":"https:\/\/api.w.org\/{rel}","templated":true}]}}