{"id":3,"date":"2023-04-17T15:24:21","date_gmt":"2023-04-17T15:24:21","guid":{"rendered":"https:\/\/purefantasysky.com\/?page_id=3"},"modified":"2023-05-29T11:04:06","modified_gmt":"2023-05-29T11:04:06","slug":"privacy-policy","status":"publish","type":"page","link":"https:\/\/purefantasysky.com\/fr\/privacy-policy\/","title":{"rendered":"politique de confidentialit\u00e9"},"content":{"rendered":"<h1 class=\"wp-block-heading\" id=\"h-privacy-policy\">politique de confidentialit\u00e9<\/h1><p>Cocodolls (\u00ab nous \u00bb, \u00ab notre \u00bb ou \u00ab notre \u00bb) exploite le site Web Cocodolls (le \u00ab Service \u00bb).<\/p><p>Cette page vous informe de nos politiques concernant la collecte, l&#039;utilisation et la divulgation des informations personnelles lorsque vous utilisez notre service.<\/p><p>Nous n\u2019utiliserons ni ne partagerons vos informations avec qui que ce soit, sauf dans les cas d\u00e9crits dans la pr\u00e9sente politique de confidentialit\u00e9.<\/p><p>Nous utilisons vos informations personnelles pour fournir et am\u00e9liorer le service. En utilisant le Service, vous acceptez la collecte et l&#039;utilisation d&#039;informations conform\u00e9ment \u00e0 cette politique. Sauf indication contraire dans la pr\u00e9sente Politique de Confidentialit\u00e9, les termes utilis\u00e9s dans la pr\u00e9sente Politique de Confidentialit\u00e9 ont la m\u00eame signification que dans nos Conditions G\u00e9n\u00e9rales, accessibles sur https:\/\/Cocodolls.com<\/p><h2 class=\"wp-block-heading\" id=\"h-information-collection-and-use\">Collecte et utilisation des informations<\/h2><p>Lors de l&#039;utilisation de notre Service, nous pouvons vous demander de nous fournir certaines informations personnelles identifiables qui peuvent \u00eatre utilis\u00e9es pour vous contacter ou vous identifier. Les informations personnelles identifiables (\u00ab\u00a0Informations personnelles\u00a0\u00bb) peuvent inclure, sans s&#039;y limiter\u00a0:<\/p><ul class=\"wp-block-list\"><li>Nom<\/li>\n\n<li>Adresse e-mail<\/li>\n\n<li>Num\u00e9ro de t\u00e9l\u00e9phone<\/li>\n\n<li>Adresse<\/li><\/ul><h2 class=\"wp-block-heading\" id=\"h-log-data\">Donn\u00e9es du journal<\/h2><p>Nous collectons les informations que votre navigateur envoie chaque fois que vous visitez notre service (\u00ab Donn\u00e9es de journal \u00bb). Ces donn\u00e9es de journal peuvent inclure des informations telles que l&#039;adresse de protocole Internet (\u00ab IP \u00bb) de votre ordinateur, le type de navigateur, la version du navigateur, les pages de notre service que vous visitez, l&#039;heure et la date de votre visite, le temps pass\u00e9 sur ces pages et d&#039;autres informations. statistiques.<\/p><h2 class=\"wp-block-heading\" id=\"h-cookies\">Biscuits<\/h2><p>Les cookies sont des fichiers contenant une petite quantit\u00e9 de donn\u00e9es, qui peuvent inclure un identifiant unique anonyme. Les cookies sont envoy\u00e9s \u00e0 votre navigateur depuis un site Web et stock\u00e9s sur le disque dur de votre ordinateur.<\/p><p>Nous utilisons des \u00ab cookies \u00bb pour collecter des informations. Vous pouvez demander \u00e0 votre navigateur de refuser tous les cookies ou d&#039;indiquer lorsqu&#039;un cookie est envoy\u00e9. Cependant, si vous n&#039;acceptez pas les cookies, vous ne pourrez peut-\u00eatre pas utiliser certaines parties de notre Service.<\/p><h2 class=\"wp-block-heading\" id=\"h-service-providers\">Les fournisseurs de services<\/h2><p>Nous pouvons employer des soci\u00e9t\u00e9s tierces et des particuliers pour faciliter notre Service, pour fournir le Service en notre nom, pour ex\u00e9cuter des services li\u00e9s au Service ou pour nous aider \u00e0 analyser la fa\u00e7on dont notre Service est utilis\u00e9.<\/p><p>Ces tiers ont acc\u00e8s \u00e0 vos informations personnelles uniquement pour effectuer ces t\u00e2ches en notre nom et sont tenus de ne pas les divulguer ou les utiliser \u00e0 d&#039;autres fins.<\/p><h2 class=\"wp-block-heading\" id=\"h-security\">S\u00e9curit\u00e9<\/h2><p>La s\u00e9curit\u00e9 de vos informations personnelles est importante pour nous, mais n&#039;oubliez pas qu&#039;aucune m\u00e9thode de transmission sur Internet ou m\u00e9thode de stockage \u00e9lectronique n&#039;est s\u00e9curis\u00e9e 100%. Bien que nous nous efforcions d&#039;utiliser des moyens commercialement acceptables pour prot\u00e9ger vos informations personnelles, nous ne pouvons garantir leur s\u00e9curit\u00e9 absolue.<\/p><h2 class=\"wp-block-heading\" id=\"h-links-to-other-sites\">Liens vers d&#039;autres sites<\/h2><p>Notre Service peut contenir des liens vers d&#039;autres sites qui ne sont pas exploit\u00e9s par nous. Si vous cliquez sur un lien tiers, vous serez dirig\u00e9 vers le site de ce tiers. Nous vous conseillons fortement de consulter la politique de confidentialit\u00e9 de chaque site que vous visitez.<\/p><p>Nous n&#039;avons aucun contr\u00f4le et n&#039;assumons aucune responsabilit\u00e9 quant au contenu, aux politiques de confidentialit\u00e9 ou aux pratiques de tout site ou service tiers.<\/p><h2 class=\"wp-block-heading\" id=\"h-children-s-privacy\">Confidentialit\u00e9 des enfants<\/h2><p>Notre Service ne s&#039;adresse pas aux personnes de moins de 18 ans (\u00ab\u00a0Enfants\u00a0\u00bb).<\/p><p>Nous ne collectons pas sciemment d&#039;informations personnelles identifiables aupr\u00e8s d&#039;enfants de moins de 18 ans. Si vous \u00eates un parent ou un tuteur et que vous savez que votre enfant nous a fourni des informations personnelles, veuillez nous contacter. Si nous d\u00e9couvrons qu&#039;un enfant de moins de 18 ans nous a fourni des informations personnelles, nous supprimerons imm\u00e9diatement ces informations de nos serveurs.<\/p><h2 class=\"wp-block-heading\" id=\"h-compliance-with-laws\">En accord avec les lois<\/h2><p>Nous divulguerons vos informations personnelles lorsque la loi ou une assignation \u00e0 compara\u00eetre l&#039;exige.<\/p><h2 class=\"wp-block-heading\" id=\"h-changes-to-this-privacy-policy\">Modifications de cette politique de confidentialit\u00e9<\/h2><p>Nous pouvons mettre \u00e0 jour notre politique de confidentialit\u00e9 de temps \u00e0 autre. Nous vous informerons de tout changement en publiant la nouvelle politique de confidentialit\u00e9 sur cette page.<\/p><p>Il vous est conseill\u00e9 de consulter p\u00e9riodiquement cette politique de confidentialit\u00e9 pour tout changement. Les modifications apport\u00e9es \u00e0 cette politique de confidentialit\u00e9 entrent en vigueur d\u00e8s leur publication sur cette page.<\/p><h2 class=\"wp-block-heading\" id=\"h-contact-us\">Contactez-nous<\/h2><p>Si vous avez des questions sur cette politique de confidentialit\u00e9, veuillez&nbsp;<a href=\"https:\/\/h-crystal.com\/contact\">Contactez-nous<\/a>.<\/p>","protected":false},"excerpt":{"rendered":"<p>Politique de confidentialit\u00e9\u00a0: Cocodolls (\u00ab\u00a0nous\u00a0\u00bb, \u00ab\u00a0notre\u00a0\u00bb ou \u00ab\u00a0nos\u00a0\u00bb) exploite le site web Cocodolls (le \u00ab\u00a0Service\u00a0\u00bb). Cette page vous informe de nos politiques concernant la collecte, l&#039;utilisation et la divulgation des informations personnelles lorsque vous utilisez notre Service. Nous n&#039;utiliserons ni ne partagerons vos informations avec quiconque, sauf dans les cas d\u00e9crits dans la pr\u00e9sente Politique de confidentialit\u00e9. Nous utilisons vos informations personnelles\u2026<\/p>","protected":false},"author":1,"featured_media":0,"parent":0,"menu_order":0,"comment_status":"closed","ping_status":"open","template":"","meta":{"_kad_blocks_custom_css":"","_kad_blocks_head_custom_js":"","_kad_blocks_body_custom_js":"","_kad_blocks_footer_custom_js":"","_kad_post_transparent":"","_kad_post_title":"","_kad_post_layout":"","_kad_post_sidebar_id":"","_kad_post_content_style":"","_kad_post_vertical_padding":"","_kad_post_feature":"","_kad_post_feature_position":"","_kad_post_header":false,"_kad_post_footer":false,"footnotes":""},"class_list":["post-3","page","type-page","status-publish","hentry"],"yoast_head":"<!-- This site is optimized with the Yoast SEO Premium plugin v20.5 (Yoast SEO v22.7) - https:\/\/yoast.com\/wordpress\/plugins\/seo\/ -->\n<title>Privacy Policy - Pure Fantasy<\/title>\n<meta name=\"robots\" content=\"index, follow, max-snippet:-1, max-image-preview:large, max-video-preview:-1\" \/>\n<link rel=\"canonical\" href=\"https:\/\/purefantasysky.com\/fr\/privacy-policy\/\" \/>\n<meta property=\"og:locale\" content=\"fr_FR\" \/>\n<meta property=\"og:type\" content=\"article\" \/>\n<meta property=\"og:title\" content=\"Privacy Policy\" \/>\n<meta property=\"og:description\" content=\"Privacy Policy Cocodolls (\u201cus\u201d, \u201cwe\u201d, or \u201cour\u201d) operates the Cocodolls website (the \u201cService\u201d). This page informs you of our policies regarding the collection, use and disclosure of Personal Information when you use our Service. We will not use or share your information with anyone except as described in this Privacy Policy. We use your Personal...\" \/>\n<meta property=\"og:url\" content=\"https:\/\/purefantasysky.com\/fr\/privacy-policy\/\" \/>\n<meta property=\"og:site_name\" content=\"Pure Fantasy\" \/>\n<meta property=\"article:modified_time\" content=\"2023-05-29T11:04:06+00:00\" \/>\n<meta name=\"twitter:card\" content=\"summary_large_image\" \/>\n<meta name=\"twitter:label1\" content=\"Dur\u00e9e de lecture estim\u00e9e\" \/>\n\t<meta name=\"twitter:data1\" content=\"3 minutes\" \/>\n<script type=\"application\/ld+json\" class=\"yoast-schema-graph\">{\"@context\":\"https:\/\/schema.org\",\"@graph\":[{\"@type\":\"WebPage\",\"@id\":\"https:\/\/purefantasysky.com\/privacy-policy\/\",\"url\":\"https:\/\/purefantasysky.com\/privacy-policy\/\",\"name\":\"Privacy Policy - Pure Fantasy\",\"isPartOf\":{\"@id\":\"https:\/\/purefantasysky.com\/#website\"},\"datePublished\":\"2023-04-17T15:24:21+00:00\",\"dateModified\":\"2023-05-29T11:04:06+00:00\",\"breadcrumb\":{\"@id\":\"https:\/\/purefantasysky.com\/privacy-policy\/#breadcrumb\"},\"inLanguage\":\"fr-FR\",\"potentialAction\":[{\"@type\":\"ReadAction\",\"target\":[\"https:\/\/purefantasysky.com\/privacy-policy\/\"]}]},{\"@type\":\"BreadcrumbList\",\"@id\":\"https:\/\/purefantasysky.com\/privacy-policy\/#breadcrumb\",\"itemListElement\":[{\"@type\":\"ListItem\",\"position\":1,\"name\":\"Home\",\"item\":\"https:\/\/purefantasysky.com\/\"},{\"@type\":\"ListItem\",\"position\":2,\"name\":\"Privacy Policy\"}]},{\"@type\":\"WebSite\",\"@id\":\"https:\/\/purefantasysky.com\/#website\",\"url\":\"https:\/\/purefantasysky.com\/\",\"name\":\"Pure Fantasy\",\"description\":\"Pure Fantasy\",\"publisher\":{\"@id\":\"https:\/\/purefantasysky.com\/#organization\"},\"potentialAction\":[{\"@type\":\"SearchAction\",\"target\":{\"@type\":\"EntryPoint\",\"urlTemplate\":\"https:\/\/purefantasysky.com\/?s={search_term_string}\"},\"query-input\":\"required name=search_term_string\"}],\"inLanguage\":\"fr-FR\"},{\"@type\":\"Organization\",\"@id\":\"https:\/\/purefantasysky.com\/#organization\",\"name\":\"Pure Fantasy\",\"url\":\"https:\/\/purefantasysky.com\/\",\"logo\":{\"@type\":\"ImageObject\",\"inLanguage\":\"fr-FR\",\"@id\":\"https:\/\/purefantasysky.com\/#\/schema\/logo\/image\/\",\"url\":\"https:\/\/purefantasysky.com\/wp-content\/uploads\/2024\/04\/logo221.png\",\"contentUrl\":\"https:\/\/purefantasysky.com\/wp-content\/uploads\/2024\/04\/logo221.png\",\"width\":624,\"height\":240,\"caption\":\"Pure Fantasy\"},\"image\":{\"@id\":\"https:\/\/purefantasysky.com\/#\/schema\/logo\/image\/\"}}]}<\/script>\n<!-- \/ Yoast SEO Premium plugin. -->","yoast_head_json":{"title":"Privacy Policy - Pure Fantasy","robots":{"index":"index","follow":"follow","max-snippet":"max-snippet:-1","max-image-preview":"max-image-preview:large","max-video-preview":"max-video-preview:-1"},"canonical":"https:\/\/purefantasysky.com\/fr\/privacy-policy\/","og_locale":"fr_FR","og_type":"article","og_title":"Privacy Policy","og_description":"Privacy Policy Cocodolls (\u201cus\u201d, \u201cwe\u201d, or \u201cour\u201d) operates the Cocodolls website (the \u201cService\u201d). This page informs you of our policies regarding the collection, use and disclosure of Personal Information when you use our Service. We will not use or share your information with anyone except as described in this Privacy Policy. We use your Personal...","og_url":"https:\/\/purefantasysky.com\/fr\/privacy-policy\/","og_site_name":"Pure Fantasy","article_modified_time":"2023-05-29T11:04:06+00:00","twitter_card":"summary_large_image","twitter_misc":{"Dur\u00e9e de lecture estim\u00e9e":"3 minutes"},"schema":{"@context":"https:\/\/schema.org","@graph":[{"@type":"WebPage","@id":"https:\/\/purefantasysky.com\/privacy-policy\/","url":"https:\/\/purefantasysky.com\/privacy-policy\/","name":"Privacy Policy - Pure Fantasy","isPartOf":{"@id":"https:\/\/purefantasysky.com\/#website"},"datePublished":"2023-04-17T15:24:21+00:00","dateModified":"2023-05-29T11:04:06+00:00","breadcrumb":{"@id":"https:\/\/purefantasysky.com\/privacy-policy\/#breadcrumb"},"inLanguage":"fr-FR","potentialAction":[{"@type":"ReadAction","target":["https:\/\/purefantasysky.com\/privacy-policy\/"]}]},{"@type":"BreadcrumbList","@id":"https:\/\/purefantasysky.com\/privacy-policy\/#breadcrumb","itemListElement":[{"@type":"ListItem","position":1,"name":"Home","item":"https:\/\/purefantasysky.com\/"},{"@type":"ListItem","position":2,"name":"Privacy Policy"}]},{"@type":"WebSite","@id":"https:\/\/purefantasysky.com\/#website","url":"https:\/\/purefantasysky.com\/","name":"Pure Fantasy","description":"Pure Fantasy","publisher":{"@id":"https:\/\/purefantasysky.com\/#organization"},"potentialAction":[{"@type":"SearchAction","target":{"@type":"EntryPoint","urlTemplate":"https:\/\/purefantasysky.com\/?s={search_term_string}"},"query-input":"required name=search_term_string"}],"inLanguage":"fr-FR"},{"@type":"Organization","@id":"https:\/\/purefantasysky.com\/#organization","name":"Pure Fantasy","url":"https:\/\/purefantasysky.com\/","logo":{"@type":"ImageObject","inLanguage":"fr-FR","@id":"https:\/\/purefantasysky.com\/#\/schema\/logo\/image\/","url":"https:\/\/purefantasysky.com\/wp-content\/uploads\/2024\/04\/logo221.png","contentUrl":"https:\/\/purefantasysky.com\/wp-content\/uploads\/2024\/04\/logo221.png","width":624,"height":240,"caption":"Pure Fantasy"},"image":{"@id":"https:\/\/purefantasysky.com\/#\/schema\/logo\/image\/"}}]}},"featured_image_src_large":false,"author_info":{"display_name":"admin","author_link":"https:\/\/purefantasysky.com\/fr\/author\/admin\/"},"comment_info":0,"taxonomy_info":[],"_links":{"self":[{"href":"https:\/\/purefantasysky.com\/fr\/wp-json\/wp\/v2\/pages\/3","targetHints":{"allow":["GET"]}}],"collection":[{"href":"https:\/\/purefantasysky.com\/fr\/wp-json\/wp\/v2\/pages"}],"about":[{"href":"https:\/\/purefantasysky.com\/fr\/wp-json\/wp\/v2\/types\/page"}],"author":[{"embeddable":true,"href":"https:\/\/purefantasysky.com\/fr\/wp-json\/wp\/v2\/users\/1"}],"replies":[{"embeddable":true,"href":"https:\/\/purefantasysky.com\/fr\/wp-json\/wp\/v2\/comments?post=3"}],"version-history":[{"count":1,"href":"https:\/\/purefantasysky.com\/fr\/wp-json\/wp\/v2\/pages\/3\/revisions"}],"predecessor-version":[{"id":1724,"href":"https:\/\/purefantasysky.com\/fr\/wp-json\/wp\/v2\/pages\/3\/revisions\/1724"}],"wp:attachment":[{"href":"https:\/\/purefantasysky.com\/fr\/wp-json\/wp\/v2\/media?parent=3"}],"curies":[{"name":"wp","href":"https:\/\/api.w.org\/{rel}","templated":true}]}}