{"id":1719,"date":"2023-05-29T11:07:19","date_gmt":"2023-05-29T11:07:19","guid":{"rendered":"https:\/\/purefantasysky.com\/?page_id=1719"},"modified":"2023-05-29T11:07:21","modified_gmt":"2023-05-29T11:07:21","slug":"terms-of-service","status":"publish","type":"page","link":"https:\/\/purefantasysky.com\/pt\/terms-of-service\/","title":{"rendered":"Termos de servi\u00e7o"},"content":{"rendered":"<h1 class=\"wp-block-heading\" id=\"h-terms-of-service\">Termos de servi\u00e7o<\/h1><p>Por favor, leia estes Termos de Uso (\u201cTermos\u201d, \u201cTermos de Uso\u201d) cuidadosamente antes de usar o site https:\/\/Cocodolls.com (o \u201cServi\u00e7o\u201d) operado pela Cocodolls (\u201cn\u00f3s\u201d, \u201cn\u00f3s\u201d ou \u201cnosso \u201d).<\/p><p>Seu acesso e uso do Servi\u00e7o est\u00e3o condicionados \u00e0 sua aceita\u00e7\u00e3o e cumprimento destes Termos. Estes Termos se aplicam a todos os visitantes, usu\u00e1rios e outras pessoas que acessam ou usam o Servi\u00e7o.<\/p><p>Ao acessar ou usar o Servi\u00e7o, voc\u00ea concorda em ficar vinculado a estes Termos. Se voc\u00ea discordar de qualquer parte dos termos, voc\u00ea n\u00e3o poder\u00e1 acessar o Servi\u00e7o.<\/p><h2 class=\"wp-block-heading\" id=\"h-accounts\">Contas<\/h2><p>Ao criar uma conta conosco, voc\u00ea deve nos fornecer informa\u00e7\u00f5es precisas, completas e atuais em todos os momentos. N\u00e3o fazer isso constitui uma viola\u00e7\u00e3o dos Termos, o que pode resultar no encerramento imediato de sua conta em nosso Servi\u00e7o.<\/p><p>Voc\u00ea \u00e9 respons\u00e1vel por proteger a senha que usa para acessar o Servi\u00e7o e por quaisquer atividades ou a\u00e7\u00f5es sob sua senha, seja sua senha do nosso Servi\u00e7o ou de um servi\u00e7o de terceiros.<\/p><p>Voc\u00ea concorda em n\u00e3o divulgar sua senha a terceiros. Voc\u00ea deve nos notificar imediatamente ao tomar conhecimento de qualquer viola\u00e7\u00e3o de seguran\u00e7a ou uso n\u00e3o autorizado de sua conta.<\/p><h2 class=\"wp-block-heading\" id=\"h-intellectual-property\">Propriedade intelectual<\/h2><p>O Servi\u00e7o e seu conte\u00fado, recursos e funcionalidades originais s\u00e3o e continuar\u00e3o sendo propriedade exclusiva da Cocodolls e de seus licenciadores.<\/p><h2 class=\"wp-block-heading\" id=\"h-links-to-other-web-sites\">Links para outros sites<\/h2><p>Nosso servi\u00e7o pode conter links para sites ou servi\u00e7os de terceiros que n\u00e3o pertencem ou s\u00e3o controlados pela Cocodolls.<\/p><p>Cocodolls n\u00e3o tem controle e n\u00e3o assume nenhuma responsabilidade pelo conte\u00fado, pol\u00edticas de privacidade ou pr\u00e1ticas de quaisquer sites ou servi\u00e7os de terceiros. Voc\u00ea tamb\u00e9m reconhece e concorda que Cocodolls n\u00e3o ser\u00e1 respons\u00e1vel, direta ou indiretamente, por qualquer dano ou perda causada ou supostamente causada por ou em conex\u00e3o com o uso ou confian\u00e7a em qualquer conte\u00fado, bens ou servi\u00e7os dispon\u00edveis em ou atrav\u00e9s de quaisquer desses sites ou servi\u00e7os.<\/p><p>Aconselhamos vivamente que leia os termos e condi\u00e7\u00f5es e pol\u00edticas de privacidade de quaisquer sites ou servi\u00e7os de terceiros que visitar.<\/p><h2 class=\"wp-block-heading\" id=\"h-termination\">Termina\u00e7\u00e3o<\/h2><p>Poderemos encerrar ou suspender sua conta imediatamente, sem aviso pr\u00e9vio ou responsabilidade, por qualquer motivo, inclusive, sem limita\u00e7\u00e3o, se voc\u00ea violar os Termos.<\/p><p>Ap\u00f3s a rescis\u00e3o, o seu direito de usar o Servi\u00e7o cessar\u00e1 imediatamente. Se desejar encerrar sua conta, voc\u00ea pode simplesmente interromper o uso do Servi\u00e7o.<\/p><p>Todas as disposi\u00e7\u00f5es dos Termos que, por sua natureza, devam sobreviver \u00e0 rescis\u00e3o sobreviver\u00e3o \u00e0 rescis\u00e3o, incluindo, sem limita\u00e7\u00e3o, disposi\u00e7\u00f5es de propriedade, isen\u00e7\u00f5es de garantia, indeniza\u00e7\u00e3o e limita\u00e7\u00f5es de responsabilidade.<\/p><h2 class=\"wp-block-heading\" id=\"h-disclaimer\">Isen\u00e7\u00e3o de responsabilidade<\/h2><p>O uso do Servi\u00e7o \u00e9 por sua conta e risco. O Servi\u00e7o \u00e9 fornecido \u201cCOMO EST\u00c1\u201d e \u201cCONFORME DISPON\u00cdVEL\u201d. O Servi\u00e7o \u00e9 fornecido sem garantias de qualquer tipo, expressas ou impl\u00edcitas, incluindo, entre outras, garantias impl\u00edcitas de comercializa\u00e7\u00e3o, adequa\u00e7\u00e3o a uma finalidade espec\u00edfica, n\u00e3o viola\u00e7\u00e3o ou curso de desempenho.<\/p><h2 class=\"wp-block-heading\" id=\"h-governing-law\">Lei Aplic\u00e1vel<\/h2><p>Estes Termos ser\u00e3o regidos e interpretados de acordo com as leis da China, independentemente de conflitos de disposi\u00e7\u00f5es legais.<\/p><p>Nossa falha em fazer cumprir qualquer direito ou disposi\u00e7\u00e3o destes Termos n\u00e3o ser\u00e1 considerada uma ren\u00fancia a esses direitos. Se qualquer disposi\u00e7\u00e3o destes Termos for considerada inv\u00e1lida ou inexequ\u00edvel por um tribunal, as restantes disposi\u00e7\u00f5es destes Termos permanecer\u00e3o em vigor. Estes Termos constituem o acordo integral entre n\u00f3s em rela\u00e7\u00e3o ao nosso Servi\u00e7o e substituem quaisquer acordos anteriores que possamos ter entre n\u00f3s em rela\u00e7\u00e3o ao Servi\u00e7o.<\/p><h2 class=\"wp-block-heading\" id=\"h-changes\">Mudan\u00e7as<\/h2><p>Reservamo-nos o direito, a nosso exclusivo crit\u00e9rio, de modificar ou substituir estes Termos a qualquer momento. Se uma revis\u00e3o for material, tentaremos fornecer um aviso com pelo menos 30 dias de anteced\u00eancia para que quaisquer novos termos entrem em vigor. O que constitui uma altera\u00e7\u00e3o material ser\u00e1 determinado a nosso exclusivo crit\u00e9rio.<\/p><p>Ao continuar a acessar ou usar nosso Servi\u00e7o ap\u00f3s essas revis\u00f5es entrarem em vigor, voc\u00ea concorda em ficar vinculado aos termos revisados. Se voc\u00ea n\u00e3o concordar com os novos termos, pare de usar o Servi\u00e7o.<\/p><h2 class=\"wp-block-heading\" id=\"h-contact-us\">Contate-nos<\/h2><p>Se voc\u00ea tiver alguma d\u00favida sobre estes Termos, por favor&nbsp;<a href=\"https:\/\/h-crystal.com\/contact\">Contate-nos<\/a>.<\/p><p><\/p>","protected":false},"excerpt":{"rendered":"<p>Termos de Servi\u00e7o Leia estes Termos de Uso (\u201cTermos\u201d, \u201cTermos de Uso\u201d) atentamente antes de utilizar o site https:\/\/Cocodolls.com (o \u201cServi\u00e7o\u201d) operado pela Cocodolls (\u201cn\u00f3s\u201d, \u201cnos\u201d ou \u201cnosso\u201d). Seu acesso e uso do Servi\u00e7o est\u00e3o condicionados \u00e0 sua aceita\u00e7\u00e3o e conformidade com estes Termos. Estes Termos se aplicam a todos os visitantes, usu\u00e1rios e\u2026<\/p>","protected":false},"author":1,"featured_media":0,"parent":0,"menu_order":0,"comment_status":"closed","ping_status":"closed","template":"","meta":{"_kad_blocks_custom_css":"","_kad_blocks_head_custom_js":"","_kad_blocks_body_custom_js":"","_kad_blocks_footer_custom_js":"","_kad_post_transparent":"","_kad_post_title":"","_kad_post_layout":"","_kad_post_sidebar_id":"","_kad_post_content_style":"","_kad_post_vertical_padding":"","_kad_post_feature":"","_kad_post_feature_position":"","_kad_post_header":false,"_kad_post_footer":false,"footnotes":""},"class_list":["post-1719","page","type-page","status-publish","hentry"],"yoast_head":"<!-- This site is optimized with the Yoast SEO Premium plugin v20.5 (Yoast SEO v22.7) - https:\/\/yoast.com\/wordpress\/plugins\/seo\/ -->\n<title>Terms of Service - Pure Fantasy<\/title>\n<meta name=\"robots\" content=\"index, follow, max-snippet:-1, max-image-preview:large, max-video-preview:-1\" \/>\n<link rel=\"canonical\" href=\"https:\/\/purefantasysky.com\/pt\/terms-of-service\/\" \/>\n<meta property=\"og:locale\" content=\"pt_PT\" \/>\n<meta property=\"og:type\" content=\"article\" \/>\n<meta property=\"og:title\" content=\"Terms of Service\" \/>\n<meta property=\"og:description\" content=\"Terms of Service Please read these Terms of Use (\u201cTerms\u201d, \u201cTerms of Use\u201d) carefully before using the https:\/\/Cocodolls.com website (the \u201cService\u201d) operated by Cocodolls (\u201cus\u201d, \u201cwe\u201d, or \u201cour\u201d). Your access to and use of the Service is conditioned on your acceptance of and compliance with these Terms. These Terms apply to all visitors, users and...\" \/>\n<meta property=\"og:url\" content=\"https:\/\/purefantasysky.com\/pt\/terms-of-service\/\" \/>\n<meta property=\"og:site_name\" content=\"Pure Fantasy\" \/>\n<meta property=\"article:modified_time\" content=\"2023-05-29T11:07:21+00:00\" \/>\n<meta name=\"twitter:card\" content=\"summary_large_image\" \/>\n<meta name=\"twitter:label1\" content=\"Tempo estimado de leitura\" \/>\n\t<meta name=\"twitter:data1\" content=\"3 minutos\" \/>\n<script type=\"application\/ld+json\" class=\"yoast-schema-graph\">{\"@context\":\"https:\/\/schema.org\",\"@graph\":[{\"@type\":\"WebPage\",\"@id\":\"https:\/\/purefantasysky.com\/terms-of-service\/\",\"url\":\"https:\/\/purefantasysky.com\/terms-of-service\/\",\"name\":\"Terms of Service - Pure Fantasy\",\"isPartOf\":{\"@id\":\"https:\/\/purefantasysky.com\/#website\"},\"datePublished\":\"2023-05-29T11:07:19+00:00\",\"dateModified\":\"2023-05-29T11:07:21+00:00\",\"breadcrumb\":{\"@id\":\"https:\/\/purefantasysky.com\/terms-of-service\/#breadcrumb\"},\"inLanguage\":\"pt-PT\",\"potentialAction\":[{\"@type\":\"ReadAction\",\"target\":[\"https:\/\/purefantasysky.com\/terms-of-service\/\"]}]},{\"@type\":\"BreadcrumbList\",\"@id\":\"https:\/\/purefantasysky.com\/terms-of-service\/#breadcrumb\",\"itemListElement\":[{\"@type\":\"ListItem\",\"position\":1,\"name\":\"Home\",\"item\":\"https:\/\/purefantasysky.com\/\"},{\"@type\":\"ListItem\",\"position\":2,\"name\":\"Terms of Service\"}]},{\"@type\":\"WebSite\",\"@id\":\"https:\/\/purefantasysky.com\/#website\",\"url\":\"https:\/\/purefantasysky.com\/\",\"name\":\"Pure Fantasy\",\"description\":\"Pure Fantasy\",\"publisher\":{\"@id\":\"https:\/\/purefantasysky.com\/#organization\"},\"potentialAction\":[{\"@type\":\"SearchAction\",\"target\":{\"@type\":\"EntryPoint\",\"urlTemplate\":\"https:\/\/purefantasysky.com\/?s={search_term_string}\"},\"query-input\":\"required name=search_term_string\"}],\"inLanguage\":\"pt-PT\"},{\"@type\":\"Organization\",\"@id\":\"https:\/\/purefantasysky.com\/#organization\",\"name\":\"Pure Fantasy\",\"url\":\"https:\/\/purefantasysky.com\/\",\"logo\":{\"@type\":\"ImageObject\",\"inLanguage\":\"pt-PT\",\"@id\":\"https:\/\/purefantasysky.com\/#\/schema\/logo\/image\/\",\"url\":\"https:\/\/purefantasysky.com\/wp-content\/uploads\/2024\/04\/logo221.png\",\"contentUrl\":\"https:\/\/purefantasysky.com\/wp-content\/uploads\/2024\/04\/logo221.png\",\"width\":624,\"height\":240,\"caption\":\"Pure Fantasy\"},\"image\":{\"@id\":\"https:\/\/purefantasysky.com\/#\/schema\/logo\/image\/\"}}]}<\/script>\n<!-- \/ Yoast SEO Premium plugin. -->","yoast_head_json":{"title":"Terms of Service - Pure Fantasy","robots":{"index":"index","follow":"follow","max-snippet":"max-snippet:-1","max-image-preview":"max-image-preview:large","max-video-preview":"max-video-preview:-1"},"canonical":"https:\/\/purefantasysky.com\/pt\/terms-of-service\/","og_locale":"pt_PT","og_type":"article","og_title":"Terms of Service","og_description":"Terms of Service Please read these Terms of Use (\u201cTerms\u201d, \u201cTerms of Use\u201d) carefully before using the https:\/\/Cocodolls.com website (the \u201cService\u201d) operated by Cocodolls (\u201cus\u201d, \u201cwe\u201d, or \u201cour\u201d). Your access to and use of the Service is conditioned on your acceptance of and compliance with these Terms. These Terms apply to all visitors, users and...","og_url":"https:\/\/purefantasysky.com\/pt\/terms-of-service\/","og_site_name":"Pure Fantasy","article_modified_time":"2023-05-29T11:07:21+00:00","twitter_card":"summary_large_image","twitter_misc":{"Tempo estimado de leitura":"3 minutos"},"schema":{"@context":"https:\/\/schema.org","@graph":[{"@type":"WebPage","@id":"https:\/\/purefantasysky.com\/terms-of-service\/","url":"https:\/\/purefantasysky.com\/terms-of-service\/","name":"Terms of Service - Pure Fantasy","isPartOf":{"@id":"https:\/\/purefantasysky.com\/#website"},"datePublished":"2023-05-29T11:07:19+00:00","dateModified":"2023-05-29T11:07:21+00:00","breadcrumb":{"@id":"https:\/\/purefantasysky.com\/terms-of-service\/#breadcrumb"},"inLanguage":"pt-PT","potentialAction":[{"@type":"ReadAction","target":["https:\/\/purefantasysky.com\/terms-of-service\/"]}]},{"@type":"BreadcrumbList","@id":"https:\/\/purefantasysky.com\/terms-of-service\/#breadcrumb","itemListElement":[{"@type":"ListItem","position":1,"name":"Home","item":"https:\/\/purefantasysky.com\/"},{"@type":"ListItem","position":2,"name":"Terms of Service"}]},{"@type":"WebSite","@id":"https:\/\/purefantasysky.com\/#website","url":"https:\/\/purefantasysky.com\/","name":"Pure Fantasy","description":"Pure Fantasy","publisher":{"@id":"https:\/\/purefantasysky.com\/#organization"},"potentialAction":[{"@type":"SearchAction","target":{"@type":"EntryPoint","urlTemplate":"https:\/\/purefantasysky.com\/?s={search_term_string}"},"query-input":"required name=search_term_string"}],"inLanguage":"pt-PT"},{"@type":"Organization","@id":"https:\/\/purefantasysky.com\/#organization","name":"Pure Fantasy","url":"https:\/\/purefantasysky.com\/","logo":{"@type":"ImageObject","inLanguage":"pt-PT","@id":"https:\/\/purefantasysky.com\/#\/schema\/logo\/image\/","url":"https:\/\/purefantasysky.com\/wp-content\/uploads\/2024\/04\/logo221.png","contentUrl":"https:\/\/purefantasysky.com\/wp-content\/uploads\/2024\/04\/logo221.png","width":624,"height":240,"caption":"Pure Fantasy"},"image":{"@id":"https:\/\/purefantasysky.com\/#\/schema\/logo\/image\/"}}]}},"featured_image_src_large":false,"author_info":{"display_name":"admin","author_link":"https:\/\/purefantasysky.com\/pt\/author\/admin\/"},"comment_info":0,"taxonomy_info":[],"_links":{"self":[{"href":"https:\/\/purefantasysky.com\/pt\/wp-json\/wp\/v2\/pages\/1719","targetHints":{"allow":["GET"]}}],"collection":[{"href":"https:\/\/purefantasysky.com\/pt\/wp-json\/wp\/v2\/pages"}],"about":[{"href":"https:\/\/purefantasysky.com\/pt\/wp-json\/wp\/v2\/types\/page"}],"author":[{"embeddable":true,"href":"https:\/\/purefantasysky.com\/pt\/wp-json\/wp\/v2\/users\/1"}],"replies":[{"embeddable":true,"href":"https:\/\/purefantasysky.com\/pt\/wp-json\/wp\/v2\/comments?post=1719"}],"version-history":[{"count":1,"href":"https:\/\/purefantasysky.com\/pt\/wp-json\/wp\/v2\/pages\/1719\/revisions"}],"predecessor-version":[{"id":1726,"href":"https:\/\/purefantasysky.com\/pt\/wp-json\/wp\/v2\/pages\/1719\/revisions\/1726"}],"wp:attachment":[{"href":"https:\/\/purefantasysky.com\/pt\/wp-json\/wp\/v2\/media?parent=1719"}],"curies":[{"name":"wp","href":"https:\/\/api.w.org\/{rel}","templated":true}]}}